{"id":237403,"date":"2025-05-19T10:05:29","date_gmt":"2025-05-19T08:05:29","guid":{"rendered":"https:\/\/www.zacam.cnrs.fr\/?page_id=237403"},"modified":"2025-06-25T09:57:54","modified_gmt":"2025-06-25T07:57:54","slug":"series-dobservation","status":"publish","type":"page","link":"https:\/\/www.zacam.cnrs.fr\/en\/series-dobservation\/","title":{"rendered":"Donn\u00e9es en cours d&#8217;acquisition"},"content":{"rendered":"<p>[et_pb_section fb_built=&#8221;1&#8243; admin_label=&#8221;Hero&#8221; _builder_version=&#8221;4.25.1&#8243; _module_preset=&#8221;de8df9c4-4f34-4a9b-919e-71e38a0ba1e2&#8243; background_image=&#8221;https:\/\/www.zacam.cnrs.fr\/wp-content\/uploads\/pixabay-camargue-3.jpg&#8221; global_colors_info=&#8221;{}&#8221;][et_pb_row _builder_version=&#8221;4.16&#8243; custom_margin=&#8221;|||&#8221; custom_padding=&#8221;0px||0px|||&#8221; global_colors_info=&#8221;{}&#8221;][et_pb_column type=&#8221;4_4&#8243; _builder_version=&#8221;4.16&#8243; custom_padding=&#8221;|||&#8221; global_colors_info=&#8221;{}&#8221; custom_padding__hover=&#8221;|||&#8221;][et_pb_text _builder_version=&#8221;4.17.4&#8243; _module_preset=&#8221;790157a2-ffdd-466a-bbd6-7821f46c9aee&#8221; global_colors_info=&#8221;{}&#8221;]<\/p>\n<h1>Donn\u00e9es en cours d&#8217;acquisition<\/h1>\n<p>[\/et_pb_text][\/et_pb_column][\/et_pb_row][\/et_pb_section][et_pb_section fb_built=&#8221;1&#8243; admin_label=&#8221;Services&#8221; _builder_version=&#8221;4.16&#8243; custom_padding=&#8221;29px|0|0px|0px|false|false&#8221; global_colors_info=&#8221;{}&#8221;][et_pb_row use_custom_gutter=&#8221;on&#8221; gutter_width=&#8221;2&#8243; _builder_version=&#8221;4.16&#8243; _module_preset=&#8221;default&#8221; custom_padding=&#8221;||18px|||&#8221; global_colors_info=&#8221;{}&#8221;][et_pb_column type=&#8221;4_4&#8243; _builder_version=&#8221;4.16&#8243; _module_preset=&#8221;default&#8221; global_colors_info=&#8221;{}&#8221;][et_pb_text _builder_version=&#8221;4.25.1&#8243; _module_preset=&#8221;default&#8221; global_colors_info=&#8221;{}&#8221;]<\/p>\n<h2><span>Localisation des dispositifs<\/span><\/h2>\n<p>[\/et_pb_text][\/et_pb_column][\/et_pb_row][\/et_pb_section][et_pb_section fb_built=&#8221;1&#8243; _builder_version=&#8221;4.20.4&#8243; _module_preset=&#8221;default&#8221; custom_padding=&#8221;0px|||||&#8221; global_colors_info=&#8221;{}&#8221;][et_pb_row column_structure=&#8221;1_2,1_2&#8243; _builder_version=&#8221;4.27.4&#8243; _module_preset=&#8221;default&#8221; global_colors_info=&#8221;{}&#8221;][et_pb_column type=&#8221;1_2&#8243; _builder_version=&#8221;4.27.4&#8243; _module_preset=&#8221;default&#8221; global_colors_info=&#8221;{}&#8221;][et_pb_image src=&#8221;https:\/\/www.zacam.cnrs.fr\/wp-content\/uploads\/Collecte_ZoocamNB_EN_V1.png&#8221; title_text=&#8221;Collecte_ZoocamNB_EN_V1&#8243; show_in_lightbox=&#8221;on&#8221; _builder_version=&#8221;4.27.4&#8243; _module_preset=&#8221;default&#8221; transform_scale=&#8221;120%|120%&#8221; hover_enabled=&#8221;0&#8243; global_colors_info=&#8221;{}&#8221; sticky_enabled=&#8221;0&#8243;][\/et_pb_image][\/et_pb_column][et_pb_column type=&#8221;1_2&#8243; _builder_version=&#8221;4.27.4&#8243; _module_preset=&#8221;default&#8221; global_colors_info=&#8221;{}&#8221;][et_pb_text _builder_version=&#8221;4.27.4&#8243; _module_preset=&#8221;default&#8221; custom_margin=&#8221;||7px|||&#8221; global_colors_info=&#8221;{}&#8221;]<\/p>\n<h3><span>Localisation des sites d&#8217;\u00e9tude<\/span><\/h3>\n<p>[\/et_pb_text][et_pb_text _builder_version=&#8221;4.27.4&#8243; _module_preset=&#8221;default&#8221; global_colors_info=&#8221;{}&#8221;]<\/p>\n<p style=\"text-align: justify;\">Dans le cadre du WP1 du programme ZOOCAM \u2013 <em>Identification, caract\u00e9risation et circulation des virus potentiellement zoonotiques chez les mammif\u00e8res sauvages de Camargue<\/em> \u2013 l\u2019objectif est de rep\u00e9rer les virus h\u00e9berg\u00e9s par les mammif\u00e8res sauvages susceptibles de se transmettre \u00e0 l\u2019Homme, et d\u2019en analyser la dynamique au cours du temps.<\/p>\n<p style=\"text-align: justify;\">Le choix des sites d\u2019\u00e9tude repose sur trois crit\u00e8res principaux : la <strong>repr\u00e9sentativit\u00e9 \u00e9cologique<\/strong> des milieux camarguais, la <strong>diversit\u00e9 des esp\u00e8ces de mammif\u00e8res<\/strong> potentiellement porteuses de virus, et la <strong>faisabilit\u00e9 logistique<\/strong> des campagnes de pr\u00e9l\u00e8vements. L\u2019ensemble des sites s\u00e9lectionn\u00e9s couvre une large gamme d\u2019habitats typiques de la Camargue (zones humides, roseli\u00e8res, boisements, etc.), tout en assurant une repr\u00e9sentativit\u00e9 des communaut\u00e9s animales cibl\u00e9es.<\/p>\n<p style=\"text-align: justify;\">Au total, <strong>sept sites<\/strong> ont \u00e9t\u00e9 retenus pour cette \u00e9tude :<\/p>\n<ol style=\"text-align: justify;\">\n<li>Marais de Meyranne<\/li>\n<li>Marais du Vigueirat<\/li>\n<li>Domaine de La Palissade \u2013 Parc Naturel R\u00e9gional de Camargue<\/li>\n<li>Tour du Valat<\/li>\n<li>R\u00e9serve Naturelle Nationale de Camargue<\/li>\n<li>Pont de Gau<\/li>\n<li>Centre du Scamandre<\/li>\n<\/ol>\n<p style=\"text-align: justify;\">[\/et_pb_text][et_pb_text _builder_version=&#8221;4.27.4&#8243; _module_preset=&#8221;default&#8221; global_colors_info=&#8221;{}&#8221;][\/et_pb_text][\/et_pb_column][\/et_pb_row][\/et_pb_section][et_pb_section fb_built=&#8221;1&#8243; _builder_version=&#8221;4.20.4&#8243; _module_preset=&#8221;default&#8221; custom_padding=&#8221;35px||35px||true|&#8221; global_colors_info=&#8221;{}&#8221;][\/et_pb_section][et_pb_section fb_built=&#8221;1&#8243; _builder_version=&#8221;4.20.4&#8243; _module_preset=&#8221;default&#8221; background_color=&#8221;rgba(1,55,91,0.02)&#8221; custom_padding=&#8221;48px||48px||true|&#8221; global_colors_info=&#8221;{}&#8221;][et_pb_row column_structure=&#8221;1_2,1_2&#8243; _builder_version=&#8221;4.27.4&#8243; _module_preset=&#8221;default&#8221; global_colors_info=&#8221;{}&#8221;][et_pb_column type=&#8221;1_2&#8243; _builder_version=&#8221;4.27.4&#8243; _module_preset=&#8221;default&#8221; global_colors_info=&#8221;{}&#8221;][et_pb_text _builder_version=&#8221;4.27.4&#8243; _module_preset=&#8221;default&#8221; custom_margin=&#8221;||7px|||&#8221; global_colors_info=&#8221;{}&#8221;][\/et_pb_text][et_pb_text _builder_version=&#8221;4.27.4&#8243; _module_preset=&#8221;default&#8221; custom_padding=&#8221;||0px|||&#8221; global_colors_info=&#8221;{}&#8221;][\/et_pb_text][et_pb_text _builder_version=&#8221;4.27.4&#8243; _module_preset=&#8221;default&#8221; global_colors_info=&#8221;{}&#8221;][\/et_pb_text][et_pb_text _builder_version=&#8221;4.27.4&#8243; _module_preset=&#8221;default&#8221; global_colors_info=&#8221;{}&#8221;][\/et_pb_text][\/et_pb_column][et_pb_column type=&#8221;1_2&#8243; _builder_version=&#8221;4.27.4&#8243; _module_preset=&#8221;default&#8221; global_colors_info=&#8221;{}&#8221;][\/et_pb_column][\/et_pb_row][\/et_pb_section]<\/p>\n","protected":false},"excerpt":{"rendered":"<p>Donn\u00e9es en cours d&#8217;acquisitionLocalisation des dispositifsLocalisation des sites d&#8217;\u00e9tudeDans le cadre du WP1 du programme ZOOCAM \u2013 Identification, caract\u00e9risation et circulation des virus potentiellement zoonotiques chez les mammif\u00e8res sauvages de [&hellip;]<\/p>\n","protected":false},"author":6,"featured_media":0,"parent":0,"menu_order":0,"comment_status":"closed","ping_status":"closed","template":"","meta":{"_acf_changed":false,"_et_pb_use_builder":"on","_et_pb_old_content":"<!-- wp:divi\/placeholder \/-->","_et_gb_content_width":"","footnotes":""},"dipi_cpt_category":[],"class_list":["post-237403","page","type-page","status-publish","hentry"],"acf":[],"_links":{"self":[{"href":"https:\/\/www.zacam.cnrs.fr\/en\/wp-json\/wp\/v2\/pages\/237403","targetHints":{"allow":["GET"]}}],"collection":[{"href":"https:\/\/www.zacam.cnrs.fr\/en\/wp-json\/wp\/v2\/pages"}],"about":[{"href":"https:\/\/www.zacam.cnrs.fr\/en\/wp-json\/wp\/v2\/types\/page"}],"author":[{"embeddable":true,"href":"https:\/\/www.zacam.cnrs.fr\/en\/wp-json\/wp\/v2\/users\/6"}],"replies":[{"embeddable":true,"href":"https:\/\/www.zacam.cnrs.fr\/en\/wp-json\/wp\/v2\/comments?post=237403"}],"version-history":[{"count":33,"href":"https:\/\/www.zacam.cnrs.fr\/en\/wp-json\/wp\/v2\/pages\/237403\/revisions"}],"predecessor-version":[{"id":239920,"href":"https:\/\/www.zacam.cnrs.fr\/en\/wp-json\/wp\/v2\/pages\/237403\/revisions\/239920"}],"wp:attachment":[{"href":"https:\/\/www.zacam.cnrs.fr\/en\/wp-json\/wp\/v2\/media?parent=237403"}],"wp:term":[{"taxonomy":"dipi_cpt_category","embeddable":true,"href":"https:\/\/www.zacam.cnrs.fr\/en\/wp-json\/wp\/v2\/dipi_cpt_category?post=237403"}],"curies":[{"name":"wp","href":"https:\/\/api.w.org\/{rel}","templated":true}]}}