{"id":237409,"date":"2022-06-07T15:07:58","date_gmt":"2022-06-07T13:07:58","guid":{"rendered":"https:\/\/www.zacam.cnrs.fr\/?page_id=237409"},"modified":"2026-01-14T15:05:45","modified_gmt":"2026-01-14T14:05:45","slug":"gouvernance","status":"publish","type":"page","link":"https:\/\/www.zacam.cnrs.fr\/en\/gouvernance\/","title":{"rendered":"Governance"},"content":{"rendered":"<p>[et_pb_section fb_built=&#8221;1&#8243; admin_label=&#8221;Hero&#8221; _builder_version=&#8221;4.25.1&#8243; _module_preset=&#8221;de8df9c4-4f34-4a9b-919e-71e38a0ba1e2&#8243; background_image=&#8221;https:\/\/www.zacam.cnrs.fr\/wp-content\/uploads\/pixabay-camargue-6.jpg&#8221; global_colors_info=&#8221;{}&#8221;][et_pb_row _builder_version=&#8221;4.25.1&#8243; custom_margin=&#8221;|||&#8221; custom_padding=&#8221;0px||0px|||&#8221; global_colors_info=&#8221;{}&#8221;][et_pb_column type=&#8221;4_4&#8243; _builder_version=&#8221;4.16&#8243; custom_padding=&#8221;|||&#8221; global_colors_info=&#8221;{}&#8221; custom_padding__hover=&#8221;|||&#8221;][et_pb_text _builder_version=&#8221;4.17.4&#8243; _module_preset=&#8221;790157a2-ffdd-466a-bbd6-7821f46c9aee&#8221; global_colors_info=&#8221;{}&#8221;]<\/p>\n<h1>Gouvernance<\/h1>\n<p>[\/et_pb_text][et_pb_menu active_link_color=&#8221;#FFFFFF&#8221; dropdown_menu_bg_color=&#8221;#FFFFFF&#8221; dropdown_menu_line_color=&#8221;#F26938&#8243; dropdown_menu_text_color=&#8221;#000000&#8243; dropdown_menu_active_link_color=&#8221;#F26938&#8243; mobile_menu_bg_color=&#8221;#FFFFFF&#8221; mobile_menu_text_color=&#8221;#000000&#8243; logo_width=&#8221;0px&#8221; logo_max_width=&#8221;0px&#8221; logo_height=&#8221;0px&#8221; logo_max_height=&#8221;0px&#8221; show_search_icon=&#8221;on&#8221; cart_icon_color=&#8221;#FFFFFF&#8221; search_icon_color=&#8221;#FFFFFF&#8221; menu_icon_color=&#8221;#FFFFFF&#8221; _builder_version=&#8221;4.27.4&#8243; _module_preset=&#8221;default&#8221; menu_text_color=&#8221;#FFFFFF&#8221; background_enable_color=&#8221;off&#8221; text_orientation=&#8221;center&#8221; background_layout=&#8221;dark&#8221; custom_padding=&#8221;17px||17px||true|false&#8221; custom_padding_tablet=&#8221;17px||17px||true|false&#8221; custom_padding_phone=&#8221;17px||17px||true|false&#8221; custom_padding_last_edited=&#8221;on|desktop&#8221; custom_css_dropdown_container=&#8221;width: 400px !important;&#8221; custom_css_dropdown_links=&#8221;line-height:1.3;||padding-top: 12px;||padding-bottom: 12px;&#8221; global_colors_info=&#8221;{}&#8221;][\/et_pb_menu][\/et_pb_column][\/et_pb_row][\/et_pb_section][et_pb_section fb_built=&#8221;1&#8243; _builder_version=&#8221;4.17.4&#8243; _module_preset=&#8221;default&#8221; custom_padding=&#8221;||5px|||&#8221; global_colors_info=&#8221;{}&#8221;][et_pb_row _builder_version=&#8221;4.17.4&#8243; _module_preset=&#8221;default&#8221; custom_padding=&#8221;13px|||||&#8221; global_colors_info=&#8221;{}&#8221;][et_pb_column type=&#8221;4_4&#8243; _builder_version=&#8221;4.17.4&#8243; _module_preset=&#8221;default&#8221; global_colors_info=&#8221;{}&#8221;][et_pb_text _builder_version=&#8221;4.17.4&#8243; _module_preset=&#8221;default&#8221; custom_padding=&#8221;17px|||||&#8221; global_colors_info=&#8221;{}&#8221;]<\/p>\n<h2>Gouvernance actuelle en phase de lancement et d\u00e9veloppement<\/h2>\n<p>[\/et_pb_text][et_pb_text _builder_version=&#8221;4.25.1&#8243; _module_preset=&#8221;default&#8221; custom_padding=&#8221;||0px|||&#8221; global_colors_info=&#8221;{}&#8221;]<\/p>\n<p style=\"text-align: justify;\">\u00a0Dans un contexte de co-construction, un des moyens strat\u00e9giques pour \u00e9difier un espace o\u00f9 les identit\u00e9s scientifiques personnelles, institutionnelles et collectives peuvent s&#8217;articuler et se f\u00e9d\u00e9rer autour du collectif ZACAM est de <strong>se doter d\u2019une gouvernance \u00e0 la mesure de l\u2019ambition scientifique. <\/strong>L\u2019ambition scientifique est vaste et au-del\u00e0 de rapprocher les projets, il s\u2019agit de les structurer avec une vue d\u2019ensemble d\u2019une part, et l\u2019objectif de r\u00e9pondre aux demandes des acteurs dans une perspective d\u2019anticipation du futur (et de ses risques) et d\u2019adaptation aux transitions et nouveaux enjeux (r\u00e9silience territoriale) par la connaissance capitalis\u00e9e autour de la ZACAM. La gouvernance\u00a0 projet\u00e9e vise ainsi \u00e0 <strong>inclure une diversit\u00e9 de parties prenantes <\/strong>dans la composition de ses instances<strong>.<\/strong> Cette gouvernance inclusive s\u2019articulera autour d\u2019<strong>instances collaboratives <\/strong>et de <strong>groupes de travail<\/strong>.<\/p>\n<p style=\"text-align: justify;\">Dans la phase de lancement et de d\u00e9veloppement actuelle, la gouvernance de la ZACAM s\u2019organise principalement autour des instances et r\u00e9unions suivantes :<\/p>\n<ul style=\"text-align: justify;\">\n<li><strong>Le Comit\u00e9 de co-direction (CODIR) <\/strong>a pour mission de coordonner et mettre en \u0153uvre les actions d\u00e9finies en termes d\u2019organisation et d\u2019animation en s\u2019appuyant sur\u00a0les <strong>Groupes de travail<\/strong> qu\u2019il constitue et r\u00e9unit, et dont la composition et les th\u00e8mes varient selon les axes, et les projets. Il s\u2019appuie sur la compl\u00e9mentarit\u00e9 des personnes, en termes de disciplines, et doit notamment veiller \u00e0 doter le CODIR des comp\u00e9tences n\u00e9cessaires pour \u00e9valuer et faire \u00e9voluer le\/les projets.<\/li>\n<li><strong>Deux groupes de travail\u00a0: 1\/ sur la<\/strong> <strong>R\u00e9sistance antibiotique<\/strong>, <strong>2\/ sur l\u2019instrumentation<\/strong> et les donn\u00e9es ont \u00e9t\u00e9 constitu\u00e9s. Ils devraient bient\u00f4t s\u2019enrichir d\u2019un troisi\u00e8me\u00a0groupe de travail sur la Communication en relation avec les projets en cours.<\/li>\n<\/ul>\n<p style=\"text-align: justify;\"><strong>Enfin, l\u2019orientation strat\u00e9gique est d\u00e9finie<\/strong> lors de <strong>l\u2019Assembl\u00e9e annuelle<\/strong> qui r\u00e9unit tous ses membres et partenaires et dans laquelle sont discut\u00e9es, \u00e9valu\u00e9es et valid\u00e9es les activit\u00e9s de la Zone-Atelier au regard des missions qu\u2019elle poursuit.<\/p>\n<p style=\"text-align: justify;\"><span style=\"color: rgba(242, 105, 56, 0.8);\"><strong>CODIR de la ZACAM : les co-directeurs\/directrices de la Zone Atelier<\/strong><\/span><\/p>\n<p style=\"text-align: justify;\"><strong style=\"font-size: 16px;\">La direction de la ZACAM <\/strong>est assur\u00e9e par trois directeurs\/directrices de recherche CNRS (<a href=\"https:\/\/mivegec.fr\/fr\/annuaire\/agent?id=197\">UMR 5290 MIVEGEC<\/a>,<a href=\"https:\/\/mivegec.fr\/fr\/annuaire\/agent?id=197\"> UMR 5244 IHPE<\/a>,<a href=\"https:\/\/mivegec.fr\/fr\/annuaire\/agent?id=197\"> UMR 5175 CEFE<\/a>) de Montpellier, ainsi que l&#8217;<a href=\"https:\/\/mivegec.fr\/fr\/annuaire\/agent?id=197\">Institut de recherche de la Tour du Valat<\/a> (titulaire et suppl\u00e9ant) :<\/p>\n<ul>\n<li><a href=\"https:\/\/mivegec.fr\/fr\/annuaire\/agent?id=197\">Fr\u00e9d\u00e9ric THOMAS<\/a><strong> : <\/strong>\u00a0Directeur de Recherche CNRS (MIVEGEC) &#8211; Mail : <span style=\"font-size: 16px;\"><a href=\"https:\/\/mivegec.fr\/fr\/annuaire\/agent?id=197\">frederic.thomas2@ird.fr<\/a><\/span><\/li>\n<li><a href=\"https:\/\/ihpe.fr\/ihpe-destoumieux-garzon-delphine\/\">Delphine DESOUMIEUX-GARZON<\/a> : Directrice de Recherche CNRS (IHPE) &#8211; \u00a0Mail : \u00a0<a href=\"https:\/\/mivegec.fr\/fr\/annuaire\/agent?id=197\">delphine.destoumieux.garzon@ifremer.fr <\/a><\/li>\n<li><a href=\"https:\/\/www.cefe.cnrs.fr\/fr\/recherche\/bc\/dsse\/869-c\/184-raphael-mathevet\">Rapha\u00ebl MATHEVET<\/a> : Directeur de Recherche CNRS (CEFE) &#8211; Mail : <a href=\"https:\/\/mivegec.fr\/fr\/annuaire\/agent?id=197\">Raphael.mathevet@cefe.cnrs.fr<\/a> \u00a0<\/li>\n<li>Tour du Valat : <a href=\"https:\/\/tourduvalat.org\/staff\/marion-vittecoq\/\">Marion VITTECOQ<\/a>, Directrice de recherche (Sant\u00e9) et <a href=\"https:\/\/tourduvalat.org\/staff\/olivier-boutron\/\">Olivier BOUTRON<\/a>, charg\u00e9 de recherche (Hydrologie) \u00a0 \u00a0\u00a0<span style=\"font-size: 16px;\"><\/span><\/li>\n<\/ul>\n<p>L&#8217;animation et la coordination sont assur\u00e9es par deux Ing\u00e9nieurs de Recherche (CNRS) :<\/p>\n<ul>\n<li>Nathalie BOUTIN-RICHTER, coordination et animation scientifique : <a href=\"https:\/\/mivegec.fr\/fr\/annuaire\/agent?id=197\">Nathalie.boutin@ird.fr<\/a>\u00a0<\/li>\n<li>Jean-Claude RAYNAL, coordination instrumentation : <a href=\"https:\/\/mivegec.fr\/fr\/annuaire\/agent?id=197\">Jean-Claude.raynal@ird.fr<\/a><em style=\"font-size: 16px;\"><span style=\"font-size: small;\">\u00a0 \u00a0 \u00a0 \u00a0 \u00a0 \u00a0 \u00a0 \u00a0 \u00a0\u00a0<\/span><\/em><span style=\"font-size: 16px;\">\u00a0 \u00a0 \u00a0 \u00a0 \u00a0 \u00a0 \u00a0 \u00a0 \u00a0 \u00a0 \u00a0 \u00a0 \u00a0 \u00a0 \u00a0 \u00a0 \u00a0 \u00a0 \u00a0 \u00a0 \u00a0 \u00a0 \u00a0 \u00a0 \u00a0 \u00a0 \u00a0 \u00a0 \u00a0 \u00a0 \u00a0 \u00a0 \u00a0 \u00a0 \u00a0 \u00a0 \u00a0 \u00a0 \u00a0 \u00a0<\/span><\/li>\n<\/ul>\n<p style=\"text-align: justify;\">\n<p>[\/et_pb_text][\/et_pb_column][\/et_pb_row][et_pb_row _builder_version=&#8221;4.27.5&#8243; _module_preset=&#8221;default&#8221; column_structure=&#8221;1_3,1_3,1_3&#8243;][et_pb_column _builder_version=&#8221;4.27.5&#8243; _module_preset=&#8221;default&#8221; type=&#8221;1_3&#8243;][et_pb_image src=&#8221;https:\/\/www.zacam.cnrs.fr\/wp-content\/uploads\/PHOTO-2024-07-05-12-36-30-NB.png&#8221; _builder_version=&#8221;4.27.5&#8243; _module_preset=&#8221;default&#8221; title_text=&#8221;PHOTO-2024-07-05-12-36-30-NB&#8221; hover_enabled=&#8221;0&#8243; sticky_enabled=&#8221;0&#8243;][\/et_pb_image][et_pb_text _builder_version=&#8221;4.27.5&#8243; _module_preset=&#8221;default&#8221; hover_enabled=&#8221;0&#8243; sticky_enabled=&#8221;0&#8243;]<\/p>\n<p><em>Delphine Destoumieux-Garzon, Rapha\u00ebl Mathevet, Fr\u00e9d\u00e9ric Thomas, Jean-Claude Raynal, Nathalie Boutin-Richter<\/em><\/p>\n<p>[\/et_pb_text][\/et_pb_column][et_pb_column _builder_version=&#8221;4.27.5&#8243; _module_preset=&#8221;default&#8221; type=&#8221;1_3&#8243;][et_pb_image src=&#8221;https:\/\/www.zacam.cnrs.fr\/wp-content\/uploads\/Portrait-Marion-Vittecoq.jpg&#8221; _builder_version=&#8221;4.27.5&#8243; _module_preset=&#8221;default&#8221; title_text=&#8221;Portrait Marion Vittecoq&#8221; hover_enabled=&#8221;0&#8243; sticky_enabled=&#8221;0&#8243;][\/et_pb_image][et_pb_text _builder_version=&#8221;4.27.5&#8243; _module_preset=&#8221;default&#8221; hover_enabled=&#8221;0&#8243; sticky_enabled=&#8221;0&#8243;]<\/p>\n<p><em>Marion Vittecoq (Tour du Valat)<\/em><\/p>\n<p>[\/et_pb_text][\/et_pb_column][et_pb_column _builder_version=&#8221;4.27.5&#8243; _module_preset=&#8221;default&#8221; type=&#8221;1_3&#8243;][et_pb_image src=&#8221;https:\/\/www.zacam.cnrs.fr\/wp-content\/uploads\/Olivie_Boutron_NB-1.jpg&#8221; _builder_version=&#8221;4.27.5&#8243; _module_preset=&#8221;default&#8221; title_text=&#8221;Olivie_Boutron_NB&#8221; hover_enabled=&#8221;0&#8243; sticky_enabled=&#8221;0&#8243;][\/et_pb_image][et_pb_text _builder_version=&#8221;4.27.5&#8243; _module_preset=&#8221;default&#8221; hover_enabled=&#8221;0&#8243; sticky_enabled=&#8221;0&#8243;]<\/p>\n<p><em>Olivier Boutron (Tour du Valat)<\/em><\/p>\n<p>[\/et_pb_text][\/et_pb_column][\/et_pb_row][\/et_pb_section][et_pb_section fb_built=&#8221;1&#8243; theme_builder_area=&#8221;post_content&#8221; _builder_version=&#8221;4.27.5&#8243; _module_preset=&#8221;default&#8221;][et_pb_row _builder_version=&#8221;4.27.5&#8243; _module_preset=&#8221;default&#8221; theme_builder_area=&#8221;post_content&#8221;][et_pb_column _builder_version=&#8221;4.27.5&#8243; _module_preset=&#8221;default&#8221; type=&#8221;4_4&#8243; theme_builder_area=&#8221;post_content&#8221;][et_pb_text _builder_version=&#8221;4.17.4&#8243; _module_preset=&#8221;default&#8221; custom_padding=&#8221;17px|||||&#8221; global_colors_info=&#8221;{}&#8221; theme_builder_area=&#8221;post_content&#8221;]<\/p>\n<h2>Gouvernance projet\u00e9e<\/h2>\n<p>[\/et_pb_text][et_pb_text _builder_version=&#8221;4.25.1&#8243; _module_preset=&#8221;default&#8221; min_height=&#8221;371.6px&#8221; custom_padding=&#8221;0px||0px|||&#8221; global_colors_info=&#8221;{}&#8221; theme_builder_area=&#8221;post_content&#8221;]<\/p>\n<p style=\"text-align: justify;\">Progressivement cette Gouvernance sera consolid\u00e9e avec d\u2019autres instances\u00a0:<\/p>\n<ul style=\"text-align: justify;\">\n<li><strong>un Comit\u00e9\/Conseil de pilotage scientifique (COPIL)<\/strong>, dont le r\u00f4le sera de guider les actions scientifiques et techniques \u00e0 promouvoir avec\/entre les partenaires acad\u00e9miques et institutionnels au service de la strat\u00e9gie (d\u00e9finie par le COS), dont la r\u00e9union se constitue en <strong>assembl\u00e9e restreinte<\/strong> \u00e0 la suite de l\u2019Assembl\u00e9e annuelle.<\/li>\n<li><strong>un Comit\u00e9\/Conseil d\u2019orientation strat\u00e9gique<\/strong> <strong>(COS)<\/strong> permettra \u00e0 une grande diversit\u00e9 d\u2019acteurs de participer \u00e0 l\u2019orientation strat\u00e9gique de la ZACAM au travers de <strong>l\u2019Assembl\u00e9e annuelle<\/strong> qui la r\u00e9unit. <span style=\"font-size: 16px;\">Notons la pr\u00e9sence au sein du COS et du COPIL des repr\u00e9senants des coordinateurs de la r\u00e9serve de biosph\u00e8re\u00a0: le Parc naturel r\u00e9gional de Camargue et le Syndicat Mixte Camargue gardoise<\/span>\n<div><\/div>\n<\/li>\n<\/ul>\n<p style=\"text-align: justify;\">Cette gouvernance vise \u00e0 conjuguer <strong>coll\u00e9gialit\u00e9, parit\u00e9 et coordination<\/strong> notamment en int\u00e9grant d\u2019autres dispositifs (selon leur possibilit\u00e9) pour assurer la p\u00e9rennit\u00e9 de la coop\u00e9ration entre les diff\u00e9rentes \u00e9quipes de recherche, et privil\u00e9gier l\u2019esprit collaboratif avec les acteurs du territoire associ\u00e9s au processus. L\u2019accent sera mis sur <strong>les projets de recherche sp\u00e9cifiques<\/strong>, car les projets sont g\u00e9n\u00e9rateurs de dynamique et peuvent favoriser l\u2019adh\u00e9sion<\/p>\n<p>[\/et_pb_text][\/et_pb_column][\/et_pb_row][\/et_pb_section]<\/p>\n","protected":false},"excerpt":{"rendered":"<p>GouvernanceGouvernance actuelle en phase de lancement et d\u00e9veloppement\u00a0Dans un contexte de co-construction, un des moyens strat\u00e9giques pour \u00e9difier un espace o\u00f9 les identit\u00e9s scientifiques personnelles, institutionnelles et collectives peuvent s&#8217;articuler [&hellip;]<\/p>\n","protected":false},"author":2,"featured_media":0,"parent":0,"menu_order":0,"comment_status":"closed","ping_status":"closed","template":"","meta":{"_acf_changed":false,"_et_pb_use_builder":"on","_et_pb_old_content":"<!-- wp:divi\/placeholder \/-->","_et_gb_content_width":"","footnotes":""},"dipi_cpt_category":[],"class_list":["post-237409","page","type-page","status-publish","hentry"],"acf":[],"_links":{"self":[{"href":"https:\/\/www.zacam.cnrs.fr\/en\/wp-json\/wp\/v2\/pages\/237409","targetHints":{"allow":["GET"]}}],"collection":[{"href":"https:\/\/www.zacam.cnrs.fr\/en\/wp-json\/wp\/v2\/pages"}],"about":[{"href":"https:\/\/www.zacam.cnrs.fr\/en\/wp-json\/wp\/v2\/types\/page"}],"author":[{"embeddable":true,"href":"https:\/\/www.zacam.cnrs.fr\/en\/wp-json\/wp\/v2\/users\/2"}],"replies":[{"embeddable":true,"href":"https:\/\/www.zacam.cnrs.fr\/en\/wp-json\/wp\/v2\/comments?post=237409"}],"version-history":[{"count":28,"href":"https:\/\/www.zacam.cnrs.fr\/en\/wp-json\/wp\/v2\/pages\/237409\/revisions"}],"predecessor-version":[{"id":240434,"href":"https:\/\/www.zacam.cnrs.fr\/en\/wp-json\/wp\/v2\/pages\/237409\/revisions\/240434"}],"wp:attachment":[{"href":"https:\/\/www.zacam.cnrs.fr\/en\/wp-json\/wp\/v2\/media?parent=237409"}],"wp:term":[{"taxonomy":"dipi_cpt_category","embeddable":true,"href":"https:\/\/www.zacam.cnrs.fr\/en\/wp-json\/wp\/v2\/dipi_cpt_category?post=237409"}],"curies":[{"name":"wp","href":"https:\/\/api.w.org\/{rel}","templated":true}]}}