{"id":237654,"date":"2022-06-13T13:48:48","date_gmt":"2022-06-13T11:48:48","guid":{"rendered":"https:\/\/www.zacam.cnrs.fr\/?page_id=237654"},"modified":"2025-07-01T19:20:07","modified_gmt":"2025-07-01T17:20:07","slug":"enseignements","status":"publish","type":"page","link":"https:\/\/www.zacam.cnrs.fr\/en\/enseignements\/","title":{"rendered":"Teaching"},"content":{"rendered":"<p>[et_pb_section fb_built=&#8221;1&#8243; admin_label=&#8221;Hero&#8221; _builder_version=&#8221;4.25.1&#8243; _module_preset=&#8221;de8df9c4-4f34-4a9b-919e-71e38a0ba1e2&#8243; global_colors_info=&#8221;{}&#8221;][et_pb_row _builder_version=&#8221;4.16&#8243; custom_margin=&#8221;|||&#8221; custom_padding=&#8221;0px||0px|||&#8221; global_colors_info=&#8221;{}&#8221;][et_pb_column type=&#8221;4_4&#8243; _builder_version=&#8221;4.16&#8243; custom_padding=&#8221;|||&#8221; global_colors_info=&#8221;{}&#8221; custom_padding__hover=&#8221;|||&#8221;][et_pb_text _builder_version=&#8221;4.18.0&#8243; _module_preset=&#8221;790157a2-ffdd-466a-bbd6-7821f46c9aee&#8221; global_colors_info=&#8221;{}&#8221;]<\/p>\n<h1>Enseignements<\/h1>\n<p>[\/et_pb_text][\/et_pb_column][\/et_pb_row][\/et_pb_section][et_pb_section fb_built=&#8221;1&#8243; admin_label=&#8221;Services&#8221; _builder_version=&#8221;4.16&#8243; custom_padding=&#8221;29px|0|49px|0px|false|false&#8221; global_colors_info=&#8221;{}&#8221;][et_pb_row use_custom_gutter=&#8221;on&#8221; gutter_width=&#8221;2&#8243; _builder_version=&#8221;4.16&#8243; _module_preset=&#8221;default&#8221; custom_padding=&#8221;||0px|||&#8221; global_colors_info=&#8221;{}&#8221;][et_pb_column type=&#8221;4_4&#8243; _builder_version=&#8221;4.16&#8243; _module_preset=&#8221;default&#8221; global_colors_info=&#8221;{}&#8221;][et_pb_text _builder_version=&#8221;4.27.4&#8243; _module_preset=&#8221;default&#8221; global_colors_info=&#8221;{}&#8221;]<\/p>\n<h2>Formations et autres programmes<\/h2>\n<p>[\/et_pb_text][et_pb_text _builder_version=&#8221;4.25.1&#8243; _module_preset=&#8221;default&#8221; global_colors_info=&#8221;{}&#8221;]<\/p>\n<p style=\"font-weight: 400;\">Acteur essentiel dans la recherche en <strong>sant\u00e9-environnement en Camargue<\/strong>, la <strong>Zone Atelier sant\u00e9-environnement Camargue<\/strong> (ZACAM) se positionne au croisement des sciences et des enjeux territoriaux. Dans le prolongement des initiatives scientifiques qu\u2019elle promeut, la ZACAM s\u2019engage activement dans la formation et la diffusion des connaissances, afin de r\u00e9pondre aux d\u00e9fis environnementaux et de sant\u00e9 publique actuels. Ci-dessous quelques exemples d&#8217;actions de formations pass\u00e9es ZACAM et autres programmes des institutions co-porteuses de la ZACAM ou partenaires en lien enjeux de la ZACAM.<\/p>\n<p>[\/et_pb_text][\/et_pb_column][\/et_pb_row][et_pb_row column_structure=&#8221;1_2,1_2&#8243; _builder_version=&#8221;4.27.4&#8243; _module_preset=&#8221;default&#8221; global_colors_info=&#8221;{}&#8221;][et_pb_column type=&#8221;1_2&#8243; _builder_version=&#8221;4.27.4&#8243; _module_preset=&#8221;default&#8221; global_colors_info=&#8221;{}&#8221;][et_pb_text _builder_version=&#8221;4.27.4&#8243; _module_preset=&#8221;default&#8221; global_colors_info=&#8221;{}&#8221;]<\/p>\n<h3><strong><em><span style=\"color: #f26938;\">Ecoles de saisons et th\u00e9matiques<\/span><\/em><\/strong><\/h3>\n<p>[\/et_pb_text][et_pb_text _builder_version=&#8221;4.27.4&#8243; _module_preset=&#8221;default&#8221; global_colors_info=&#8221;{}&#8221;]<\/p>\n<p><span>Les \u00e9coles des saisons s&#8217;adressent \u00e0 des publics vari\u00e9s qui souhaitent acqu\u00e9rir\/approfondir des connaissances \/ comp\u00e9tences dans le cadre de leurs travaux, ou pour des besoins personnels. Les th\u00e9matiques portent sur des enjeux en lien avec les d\u00e9fis de <strong>&#8220;sant\u00e9-environnement&#8221;<\/strong> et axes prioritaires de la ZACAM. Elles peuvent concerner des apprentissages sur les <strong>approches int\u00e9gratives &#8220;One Health&#8221;, <\/strong>\u00a0ou des r\u00e9flexions approfondies sur <strong>la complexit\u00e9<\/strong> des probl\u00e9matiques, th\u00e9matiques<\/span><span> particuli\u00e8rement pertinentes pour les \u00e9tudiant\/e\/s, doctorant\/e\/s.\u00a0<\/span><\/p>\n<p style=\"font-weight: 400;\">\n<p>[\/et_pb_text][et_pb_accordion _builder_version=&#8221;4.27.4&#8243; _module_preset=&#8221;default&#8221; global_colors_info=&#8221;{}&#8221;][et_pb_accordion_item title=&#8221;Ecole d&#8217;\u00e9t\u00e9 %22Biodiversit\u00e9 &#038; Vecteurs%22 Universit\u00e9 de Montpellier \/ RIVOC \/ Tour du Valat&#8221; open=&#8221;on&#8221; _builder_version=&#8221;4.27.4&#8243; _module_preset=&#8221;default&#8221; global_colors_info=&#8221;{}&#8221;]<\/p>\n<p><strong><a href=\"https:\/\/rivoc.edu.umontpellier.fr\/files\/2025\/04\/RIVOC_ecole-dete-Biodiversite-et-Vecteurs_appel_candidature_2025.pdf\"><span style=\"font-size: 16px;\">Programme et Inscription Ecole d&#8217;\u00e9t\u00e9 <em>&#8220;Biodiversit\u00e9 &amp; Vecteurs&#8221;, <\/em>Tour du Valat<em>, <\/em>du 15 au 19 Septembre 2025<\/span><\/a><\/strong><\/p>\n<p>[\/et_pb_accordion_item][\/et_pb_accordion][et_pb_accordion _builder_version=&#8221;4.27.4&#8243; _module_preset=&#8221;default&#8221; toggle_text_color=&#8221;#000000&#8243; global_colors_info=&#8221;{}&#8221;][et_pb_accordion_item title=&#8221;Ecole th\u00e9matique Ecocomplex-Biodiv  &#8211; CNRS \/ AMU \/ ITEM \/ FR ECCOREV&#8221; open=&#8221;on&#8221; _builder_version=&#8221;4.27.4&#8243; _module_preset=&#8221;default&#8221; global_colors_info=&#8221;{}&#8221;]<\/p>\n<p><span style=\"color: #2ea3f2;\"><a href=\"https:\/\/ecocomplex-2025.sciencesconf.org\/\" style=\"color: #2ea3f2;\"><strong>Au programme &#8220;Quelle prise en compte de la biodiversit\u00e9 dans la transition \u00e9cologique ?&#8221;, Carry-le-Rouet, 17 au 21 novembre 2025.<\/strong><\/a><\/span><\/p>\n<p><span style=\"color: #2ea3f2;\"><strong><\/strong><\/span><\/p>\n<p>[\/et_pb_accordion_item][\/et_pb_accordion][\/et_pb_column][et_pb_column type=&#8221;1_2&#8243; _builder_version=&#8221;4.27.4&#8243; _module_preset=&#8221;default&#8221; global_colors_info=&#8221;{}&#8221;][et_pb_accordion _builder_version=&#8221;4.27.4&#8243; _module_preset=&#8221;default&#8221; global_colors_info=&#8221;{}&#8221;][et_pb_accordion_item title=&#8221;Ecole d&#8217;\u00e9t\u00e9 %22Exposome et Ecologie de la sant\u00e9%22 Universit\u00e9 de Montpellier \/ Campus Triolet \/ du 4 au 5 septembre 2025&#8243; open=&#8221;on&#8221; _builder_version=&#8221;4.27.4&#8243; _module_preset=&#8221;default&#8221; global_colors_info=&#8221;{}&#8221;]<\/p>\n<p><strong><span style=\"font-size: 16px;\"><a href=\"https:\/\/isem-evolution.fr\/wp-content\/uploads\/2025\/06\/Ecole-ete_programme2025_web.pdf\">Programme et Inscription Ecole d&#8217;\u00e9t\u00e9 <em>&#8221; Exposome et Ecologie de la Sant\u00e9<\/em><\/a><\/span><\/strong><strong style=\"font-size: 16px;\"><a href=\"https:\/\/isem-evolution.fr\/wp-content\/uploads\/2025\/06\/Ecole-ete_programme2025_web.pdf\"><span style=\"font-size: 16px;\"><em>&#8220;, <\/em>Campus Triolet<em>, Montpellier, <\/em>du 15 au 19 Septembre 2025<\/span><\/a><\/strong><\/p>\n<p>[\/et_pb_accordion_item][\/et_pb_accordion][et_pb_text _builder_version=&#8221;4.27.4&#8243; _module_preset=&#8221;default&#8221; global_colors_info=&#8221;{}&#8221;]<\/p>\n<h3><strong><em><span style=\"color: #f26938;\">Formation des agents publics \u00e0 la transition<\/span><\/em><\/strong><\/h3>\n<p>[\/et_pb_text][et_pb_text _builder_version=&#8221;4.27.4&#8243; _module_preset=&#8221;default&#8221; global_colors_info=&#8221;{}&#8221;]<\/p>\n<p><span>Dans le cadre du grand plan de formation \u00e0 la transition \u00e9cologique des cadres de la fonction publique lanc\u00e9 par lanc\u00e9 par le minist\u00e8re de la Transition \u00e9cologique et de la Coh\u00e9sion des territoires, la ZACAM a particip\u00e9 \u00e0 plusieurs modules de formation des cadres des agents de l&#8217;Etat <\/span><span><\/span>.<\/p>\n<p style=\"font-weight: 400;\">\n<p>[\/et_pb_text][et_pb_accordion _builder_version=&#8221;4.27.4&#8243; _module_preset=&#8221;default&#8221; global_colors_info=&#8221;{}&#8221;][et_pb_accordion_item title=&#8221;Formation des cadres sup\u00e9rieurs de la fonction publique d&#8217;Etat des r\u00e9gions Sud et Corse aux %22enjeux de la biodiversit\u00e9 %22 IMBE \/ AMU \/ CNRS \/ ZACAM \/ MIVEGEC&#8221; open=&#8221;on&#8221; _builder_version=&#8221;4.27.4&#8243; _module_preset=&#8221;default&#8221; global_colors_info=&#8221;{}&#8221;]<\/p>\n<p><strong><a href=\"https:\/\/www.cnrs.fr\/fr\/actualite\/la-formation-la-transition-ecologique-des-cadres-de-letat-un-defi-releve-avec-succes\">Les enjeux de la <em style=\"font-size: 16px;\">&#8220;Biodiversit\u00e9 &#8220;, <\/em>CVRH Aix-en-Provence<em style=\"font-size: 16px;\">, <\/em>le 21 juin 2024 &#8211; Thierry Gauquelin (IMBE-AMU) &amp; Nathalie Boutin-Richter (ZACAM-CNRS-MIVEGEC)<\/a><\/strong><\/p>\n<p><strong><\/strong><\/p>\n<p>[\/et_pb_accordion_item][\/et_pb_accordion][\/et_pb_column][\/et_pb_row][\/et_pb_section]<\/p>\n","protected":false},"excerpt":{"rendered":"<p>EnseignementsFormations et autres programmesActeur essentiel dans la recherche en sant\u00e9-environnement en Camargue, la Zone Atelier sant\u00e9-environnement Camargue (ZACAM) se positionne au croisement des sciences et des enjeux territoriaux. Dans le [&hellip;]<\/p>\n","protected":false},"author":2,"featured_media":0,"parent":0,"menu_order":0,"comment_status":"closed","ping_status":"closed","template":"","meta":{"_acf_changed":false,"_et_pb_use_builder":"on","_et_pb_old_content":"<!-- wp:divi\/placeholder \/-->","_et_gb_content_width":"","footnotes":""},"dipi_cpt_category":[],"class_list":["post-237654","page","type-page","status-publish","hentry"],"acf":[],"_links":{"self":[{"href":"https:\/\/www.zacam.cnrs.fr\/en\/wp-json\/wp\/v2\/pages\/237654","targetHints":{"allow":["GET"]}}],"collection":[{"href":"https:\/\/www.zacam.cnrs.fr\/en\/wp-json\/wp\/v2\/pages"}],"about":[{"href":"https:\/\/www.zacam.cnrs.fr\/en\/wp-json\/wp\/v2\/types\/page"}],"author":[{"embeddable":true,"href":"https:\/\/www.zacam.cnrs.fr\/en\/wp-json\/wp\/v2\/users\/2"}],"replies":[{"embeddable":true,"href":"https:\/\/www.zacam.cnrs.fr\/en\/wp-json\/wp\/v2\/comments?post=237654"}],"version-history":[{"count":43,"href":"https:\/\/www.zacam.cnrs.fr\/en\/wp-json\/wp\/v2\/pages\/237654\/revisions"}],"predecessor-version":[{"id":240018,"href":"https:\/\/www.zacam.cnrs.fr\/en\/wp-json\/wp\/v2\/pages\/237654\/revisions\/240018"}],"wp:attachment":[{"href":"https:\/\/www.zacam.cnrs.fr\/en\/wp-json\/wp\/v2\/media?parent=237654"}],"wp:term":[{"taxonomy":"dipi_cpt_category","embeddable":true,"href":"https:\/\/www.zacam.cnrs.fr\/en\/wp-json\/wp\/v2\/dipi_cpt_category?post=237654"}],"curies":[{"name":"wp","href":"https:\/\/api.w.org\/{rel}","templated":true}]}}