{"id":237658,"date":"2022-06-13T13:50:48","date_gmt":"2022-06-13T11:50:48","guid":{"rendered":"https:\/\/www.zacam.cnrs.fr\/?page_id=237658"},"modified":"2025-06-18T10:15:00","modified_gmt":"2025-06-18T08:15:00","slug":"stages-master","status":"publish","type":"page","link":"https:\/\/www.zacam.cnrs.fr\/en\/stages-master\/","title":{"rendered":"Masters courses"},"content":{"rendered":"<p>[et_pb_section fb_built=&#8221;1&#8243; admin_label=&#8221;Hero&#8221; _builder_version=&#8221;4.25.1&#8243; _module_preset=&#8221;de8df9c4-4f34-4a9b-919e-71e38a0ba1e2&#8243; background_image=&#8221;https:\/\/www.zacam.cnrs.fr\/wp-content\/uploads\/pixabay-camargue-3.jpg&#8221; global_colors_info=&#8221;{}&#8221;][et_pb_row _builder_version=&#8221;4.16&#8243; custom_margin=&#8221;|||&#8221; custom_padding=&#8221;0px||0px|||&#8221; global_colors_info=&#8221;{}&#8221;][et_pb_column type=&#8221;4_4&#8243; _builder_version=&#8221;4.16&#8243; custom_padding=&#8221;|||&#8221; global_colors_info=&#8221;{}&#8221; custom_padding__hover=&#8221;|||&#8221;][et_pb_text _builder_version=&#8221;4.17.4&#8243; _module_preset=&#8221;790157a2-ffdd-466a-bbd6-7821f46c9aee&#8221; global_colors_info=&#8221;{}&#8221;]<\/p>\n<h1>Stages Master<\/h1>\n<p>[\/et_pb_text][\/et_pb_column][\/et_pb_row][\/et_pb_section][et_pb_section fb_built=&#8221;1&#8243; admin_label=&#8221;Services&#8221; _builder_version=&#8221;4.16&#8243; custom_padding=&#8221;29px|0|0px|0px|false|false&#8221; global_colors_info=&#8221;{}&#8221;][et_pb_row _builder_version=&#8221;4.27.4&#8243; _module_preset=&#8221;default&#8221; custom_padding=&#8221;||43px|||&#8221; global_colors_info=&#8221;{}&#8221;][et_pb_column type=&#8221;4_4&#8243; _builder_version=&#8221;4.27.4&#8243; _module_preset=&#8221;default&#8221; global_colors_info=&#8221;{}&#8221;][et_pb_text _builder_version=&#8221;4.27.4&#8243; _module_preset=&#8221;default&#8221; global_colors_info=&#8221;{}&#8221;]<\/p>\n<p><span>Les stages pr\u00e9sent\u00e9s sur le site de la ZACAM s\u2019inscrivent dans les diff\u00e9rents projets de recherche en cours, en lien avec les dynamiques scientifiques et partenariales du territoire. Cette page recensera \u00e0 la fois <strong>des exemples de stages actuellement en cours, et <\/strong>certaines <\/span><strong data-start=\"382\" data-end=\"413\">offres de stage disponibles<\/strong><span>. Elle ne refl\u00e8te toutefois pas encore l\u2019ensemble des stages associ\u00e9s aux projets de la ZACAM et de ses partenaires en Camargue, car le travail de recensement est en cours.<\/span><br data-start=\"590\" data-end=\"593\" data-is-only-node=\"\" \/><span>Afin de <\/span><strong data-start=\"601\" data-end=\"684\">valoriser les contributions des \u00e9tudiant\u00b7es et la diversit\u00e9 des projets engag\u00e9s<\/strong><span>, nous invitons les encadrant\u00b7es et les partenaires \u00e0 nous faire remonter toute information relative aux stages en lien avec la ZACAM. Cela contribuera \u00e0 renforcer la visibilit\u00e9 des travaux men\u00e9s sur le terrain et \u00e0 mieux faire conna\u00eetre les dynamiques de formation-recherche au c\u0153ur de notre d\u00e9marche commune.<\/span><br data-start=\"986\" data-end=\"989\" \/><span>N\u2019h\u00e9sitez pas \u00e0 consulter r\u00e9guli\u00e8rement cette page pour d\u00e9couvrir les nouvelles opportunit\u00e9s, ou \u00e0 nous contacter si vous souhaitez vous impliquer dans un projet sp\u00e9cifique en lien avec la sant\u00e9-environnement en Camargue.<\/span><\/p>\n<p>[\/et_pb_text][\/et_pb_column][\/et_pb_row][et_pb_row use_custom_gutter=&#8221;on&#8221; gutter_width=&#8221;2&#8243; _builder_version=&#8221;4.16&#8243; _module_preset=&#8221;default&#8221; min_height=&#8221;319px&#8221; custom_padding=&#8221;||0px|||&#8221; global_colors_info=&#8221;{}&#8221;][et_pb_column type=&#8221;4_4&#8243; _builder_version=&#8221;4.16&#8243; _module_preset=&#8221;default&#8221; global_colors_info=&#8221;{}&#8221;][et_pb_blog_extras post_type=&#8221;emploi&#8221; posts_number=&#8221;12&#8243; include_type_emploi=&#8221;20&#8243; blog_layout=&#8221;block_extended&#8221; show_thumbnail=&#8221;off&#8221; show_content=&#8221;on&#8221; show_author=&#8221;off&#8221; show_date=&#8221;off&#8221; show_categories=&#8221;off&#8221; show_comments=&#8221;off&#8221; no_results_text=&#8221;Aucun stage.&#8221; show_load_more=&#8221;on&#8221; load_more_text=&#8221;Voir plus&#8221; show_less_text=&#8221;Voir moins&#8221; show_thumbnail_mobile=&#8221;off&#8221; _builder_version=&#8221;4.27.4&#8243; _module_preset=&#8221;default&#8221; header_font=&#8221;|800|||||||&#8221; header_font_size=&#8221;23px&#8221; body_text_align=&#8221;justify&#8221; custom_padding=&#8221;||0px|||&#8221; header_font_size_tablet=&#8221;23px&#8221; header_font_size_phone=&#8221;23px&#8221; header_font_size_last_edited=&#8221;on|tablet&#8221; locked=&#8221;off&#8221; global_colors_info=&#8221;{}&#8221;][\/et_pb_blog_extras][\/et_pb_column][\/et_pb_row][\/et_pb_section]<\/p>\n","protected":false},"excerpt":{"rendered":"<p>Stages MasterLes stages pr\u00e9sent\u00e9s sur le site de la ZACAM s\u2019inscrivent dans les diff\u00e9rents projets de recherche en cours, en lien avec les dynamiques scientifiques et partenariales du territoire. Cette [&hellip;]<\/p>\n","protected":false},"author":2,"featured_media":0,"parent":0,"menu_order":0,"comment_status":"closed","ping_status":"closed","template":"","meta":{"_acf_changed":false,"_et_pb_use_builder":"on","_et_pb_old_content":"","_et_gb_content_width":"","footnotes":""},"dipi_cpt_category":[],"class_list":["post-237658","page","type-page","status-publish","hentry"],"acf":[],"_links":{"self":[{"href":"https:\/\/www.zacam.cnrs.fr\/en\/wp-json\/wp\/v2\/pages\/237658","targetHints":{"allow":["GET"]}}],"collection":[{"href":"https:\/\/www.zacam.cnrs.fr\/en\/wp-json\/wp\/v2\/pages"}],"about":[{"href":"https:\/\/www.zacam.cnrs.fr\/en\/wp-json\/wp\/v2\/types\/page"}],"author":[{"embeddable":true,"href":"https:\/\/www.zacam.cnrs.fr\/en\/wp-json\/wp\/v2\/users\/2"}],"replies":[{"embeddable":true,"href":"https:\/\/www.zacam.cnrs.fr\/en\/wp-json\/wp\/v2\/comments?post=237658"}],"version-history":[{"count":15,"href":"https:\/\/www.zacam.cnrs.fr\/en\/wp-json\/wp\/v2\/pages\/237658\/revisions"}],"predecessor-version":[{"id":239855,"href":"https:\/\/www.zacam.cnrs.fr\/en\/wp-json\/wp\/v2\/pages\/237658\/revisions\/239855"}],"wp:attachment":[{"href":"https:\/\/www.zacam.cnrs.fr\/en\/wp-json\/wp\/v2\/media?parent=237658"}],"wp:term":[{"taxonomy":"dipi_cpt_category","embeddable":true,"href":"https:\/\/www.zacam.cnrs.fr\/en\/wp-json\/wp\/v2\/dipi_cpt_category?post=237658"}],"curies":[{"name":"wp","href":"https:\/\/api.w.org\/{rel}","templated":true}]}}