{"id":237969,"date":"2022-06-28T14:11:06","date_gmt":"2022-06-28T12:11:06","guid":{"rendered":"https:\/\/www.zacam.cnrs.fr\/?page_id=237969"},"modified":"2025-06-04T00:00:41","modified_gmt":"2025-06-03T22:00:41","slug":"gestion-des-donnees","status":"publish","type":"page","link":"https:\/\/www.zacam.cnrs.fr\/en\/gestion-des-donnees\/","title":{"rendered":"Data management"},"content":{"rendered":"<p>[et_pb_section fb_built=&#8221;1&#8243; admin_label=&#8221;Hero&#8221; _builder_version=&#8221;4.25.1&#8243; _module_preset=&#8221;de8df9c4-4f34-4a9b-919e-71e38a0ba1e2&#8243; background_image=&#8221;https:\/\/www.zacam.cnrs.fr\/wp-content\/uploads\/pixabay-camargue-6.jpg&#8221; global_colors_info=&#8221;{}&#8221;][et_pb_row _builder_version=&#8221;4.16&#8243; custom_margin=&#8221;|||&#8221; custom_padding=&#8221;0px||0px|||&#8221; global_colors_info=&#8221;{}&#8221;][et_pb_column type=&#8221;4_4&#8243; _builder_version=&#8221;4.18.0&#8243; _module_preset=&#8221;default&#8221; global_colors_info=&#8221;{}&#8221;][et_pb_text _builder_version=&#8221;4.18.0&#8243; _module_preset=&#8221;790157a2-ffdd-466a-bbd6-7821f46c9aee&#8221; global_colors_info=&#8221;{}&#8221;]<\/p>\n<h1>Gestion des donn\u00e9es<\/h1>\n<p>[\/et_pb_text][et_pb_menu active_link_color=&#8221;#FFFFFF&#8221; dropdown_menu_bg_color=&#8221;#FFFFFF&#8221; dropdown_menu_line_color=&#8221;#F26938&#8243; dropdown_menu_text_color=&#8221;#000000&#8243; dropdown_menu_active_link_color=&#8221;#F26938&#8243; mobile_menu_bg_color=&#8221;#FFFFFF&#8221; mobile_menu_text_color=&#8221;#000000&#8243; logo_width=&#8221;0px&#8221; logo_max_width=&#8221;0px&#8221; logo_height=&#8221;0px&#8221; logo_max_height=&#8221;0px&#8221; show_search_icon=&#8221;on&#8221; cart_icon_color=&#8221;#FFFFFF&#8221; search_icon_color=&#8221;#FFFFFF&#8221; menu_icon_color=&#8221;#FFFFFF&#8221; _builder_version=&#8221;4.19.2&#8243; _module_preset=&#8221;default&#8221; menu_text_color=&#8221;#FFFFFF&#8221; background_enable_color=&#8221;off&#8221; text_orientation=&#8221;center&#8221; background_layout=&#8221;dark&#8221; custom_padding=&#8221;17px||17px||true|false&#8221; custom_padding_tablet=&#8221;17px||17px||true|false&#8221; custom_padding_phone=&#8221;17px||17px||true|false&#8221; custom_padding_last_edited=&#8221;on|desktop&#8221; custom_css_dropdown_container=&#8221;width: 400px !important;&#8221; custom_css_dropdown_links=&#8221;line-height:1.3;||padding-top: 12px;||padding-bottom: 12px;&#8221; global_colors_info=&#8221;{}&#8221;][\/et_pb_menu][\/et_pb_column][\/et_pb_row][\/et_pb_section][et_pb_section fb_built=&#8221;1&#8243; admin_label=&#8221;Services&#8221; _builder_version=&#8221;4.27.4&#8243; custom_padding=&#8221;29px|0|78px|0px|false|false&#8221; global_colors_info=&#8221;{}&#8221;][et_pb_row use_custom_gutter=&#8221;on&#8221; gutter_width=&#8221;2&#8243; _builder_version=&#8221;4.27.4&#8243; _module_preset=&#8221;default&#8221; custom_padding=&#8221;||56px|||&#8221; global_colors_info=&#8221;{}&#8221;][et_pb_column type=&#8221;4_4&#8243; _builder_version=&#8221;4.16&#8243; _module_preset=&#8221;default&#8221; global_colors_info=&#8221;{}&#8221;][et_pb_text _builder_version=&#8221;4.18.0&#8243; _module_preset=&#8221;default&#8221; global_colors_info=&#8221;{}&#8221;]<\/p>\n<h2>Donn\u00e9es de la recherche, de quoi parle-t-on ?<\/h2>\n<p>[\/et_pb_text][et_pb_text _builder_version=&#8221;4.18.0&#8243; _module_preset=&#8221;default&#8221; global_colors_info=&#8221;{}&#8221;]<\/p>\n<p style=\"text-align: justify;\">Plusieurs d\u00e9finitions existent ; la plus couramment utilis\u00e9e est celle de l\u2019Organisation de Coop\u00e9ration et de D\u00e9veloppement \u00c9conomique (OCDE) qui d\u00e9finit les donn\u00e9es de la recherche comme \u00ab <em>des enregistrements factuels (chiffres, textes, images et sons), qui sont utilis\u00e9s comme sources principales pour la recherche scientifique et sont g\u00e9n\u00e9ralement reconnus par la communaut\u00e9 scientifique comme n\u00e9cessaires pour valider les r\u00e9sultats de la recherche<\/em> \u00bb. Les donn\u00e9es de la recherche peuvent donc \u00eatre des enregistrements sonores, des images vid\u00e9o, des images satellitaires, des images issues de microscopes, un corpus textuel, des transcriptions, un tableau de r\u00e9sultats d\u2019une enqu\u00eate ou d\u2019un test, des relev\u00e9s de temp\u00e9rature d\u2019une s\u00e9rie temporelle ou toute autre mesure sur le terrain, le contenu d\u2019une base de donn\u00e9es\u2026<\/p>\n<p>&nbsp;<\/p>\n<h2>La donn\u00e9e inscrite dans le plan\u00a0<\/h2>\n<p style=\"text-align: justify;\">La gestion des donn\u00e9es repose sur une bonne compr\u00e9hension du cycle de vie de la donn\u00e9e depuis la cr\u00e9ation des donn\u00e9es jusqu\u2019\u00e0 leur r\u00e9utilisation. La premi\u00e8re \u00e9tape &#8211; ou phase pr\u00e9paratoire &#8211; correspond \u00e0 la connaissance et \u00e0 l\u2019identification des probl\u00e9matiques g\u00e9n\u00e9rales, techniques et juridiques associ\u00e9es \u00e0 la gestion des donn\u00e9es dans un projet de recherche. Elle permet de se projeter, s\u2019informer, comprendre pour anticiper et envisager sereinement le d\u00e9roulement d\u2019un projet.<\/p>\n<blockquote>\n<p style=\"text-align: justify;\">Cette \u00e9tape est essentielle pour appr\u00e9hender les contraintes et opportunit\u00e9s li\u00e9es \u00e0 la gestion des donn\u00e9es, les outils et infrastructures disponibles ou n\u00e9cessaires, les politiques d\u2019accompagnement et la multiplicit\u00e9 des acteurs qui interagissent, les r\u00e9glementations en vigueur ou encore les comp\u00e9tences et expertises \u00e0 acqu\u00e9rir.<\/p>\n<\/blockquote>\n<p style=\"text-align: justify;\">Pour la mener \u00e0 bien, les <span style=\"font-size: 16px;\">producteurs de donn\u00e9es remplissent, d\u00e8s le lancement du projet, un <strong>plan de gestion des donn\u00e9es<\/strong> (PGD, ou Data Management Plan \u2013 DMP \u2013 en anglais), \u00e0 l\u2019\u00e9chelle de leur projet. Le plan de gestion des donn\u00e9es est un outil de gestion qui se pr\u00e9sente sous forme d\u2019un document structur\u00e9 en rubriques. Il a pour objectif de synth\u00e9tiser la description et l\u2019\u00e9volution des jeux de donn\u00e9es du projet de recherche. Il pr\u00e9pare le partage, la r\u00e9utilisation et la p\u00e9rennisation des donn\u00e9es.\u00a0<\/span><span style=\"font-size: 16px;\">L\u2019outil DMP-OPIDOR (compte \u00e0 cr\u00e9er) vous assiste dans cette d\u00e9marche, avec des indications \u00e0 chaque \u00e9tape.\u00a0<\/span><\/p>\n<p style=\"text-align: justify;\"><span style=\"font-size: 16px;\"><\/span><\/p>\n<p>[\/et_pb_text][\/et_pb_column][\/et_pb_row][et_pb_row use_custom_gutter=&#8221;on&#8221; gutter_width=&#8221;2&#8243; _builder_version=&#8221;4.16&#8243; _module_preset=&#8221;default&#8221; min_height=&#8221;844.6px&#8221; custom_padding=&#8221;||56px|||&#8221; global_colors_info=&#8221;{}&#8221;][et_pb_column type=&#8221;4_4&#8243; _builder_version=&#8221;4.16&#8243; _module_preset=&#8221;default&#8221; global_colors_info=&#8221;{}&#8221;][et_pb_text _builder_version=&#8221;4.18.0&#8243; _module_preset=&#8221;default&#8221; global_colors_info=&#8221;{}&#8221;]<\/p>\n<h2>Consultation des donn\u00e9es de la Zone Atelier<\/h2>\n<p>[\/et_pb_text][et_pb_text _builder_version=&#8221;4.24.0&#8243; _module_preset=&#8221;default&#8221; global_colors_info=&#8221;{}&#8221;]<\/p>\n<p>La Zone Atelier CAMargue (ZACAM) dispose d\u2019un g\u00e9ocatalogue de m\u00e9tadonn\u00e9es permettant de s\u2019informer sur les donn\u00e9es disponibles issues des travaux de recherches de la ZACAM. Il est moissonn\u00e9 par le <a href=\"https:\/\/data.rza.cnrs.fr\/\">g\u00e9ocatalogue du RZA<\/a> et par les principaux catalogues nationaux et internationaux d\u2019int\u00e9r\u00eat.<\/p>\n<p>[\/et_pb_text][et_pb_text _builder_version=&#8221;4.27.4&#8243; _module_preset=&#8221;default&#8221; global_colors_info=&#8221;{}&#8221;]<\/p>\n<p><a href=\"https:\/\/cat.indores.fr\/geonetwork\/RZA\/fre\/catalog.search#\/home\" target=\"_blank\" rel=\"noopener\">Lien vers le geocatalogue<\/a> (mots cl\u00e9s ZACAM)<br \/><em>Caract\u00e9ristique du geocatalogue :<\/em> Geonetwork version 3.10.3<\/p>\n<p>[\/et_pb_text][et_pb_text _builder_version=&#8221;4.18.0&#8243; _module_preset=&#8221;default&#8221; global_colors_info=&#8221;{}&#8221;]<\/p>\n<p>L\u2019acc\u00e8s aux donn\u00e9es est possible depuis la fiche de m\u00e9tadonn\u00e9es, si les donn\u00e9es ont \u00e9t\u00e9 d\u00e9pos\u00e9es dans un entrep\u00f4t (DOI), ou sur demande (cf. <strong>rubrique &#8220;contacts&#8221;<\/strong> dans la fiche de m\u00e9tadonn\u00e9es).<\/p>\n<blockquote>\n<p><em>La fr\u00e9quence de mise \u00e0 jour des donn\u00e9es est variable en fonction des s\u00e9ries.<\/em><br \/><em>La politique d\u2019utilisation des donn\u00e9es est pr\u00e9cis\u00e9e dans chaque fiche de m\u00e9tadonn\u00e9es.<\/em><\/p>\n<\/blockquote>\n<p>[\/et_pb_text][et_pb_text _builder_version=&#8221;4.18.0&#8243; _module_preset=&#8221;default&#8221; global_colors_info=&#8221;{}&#8221;][\/et_pb_text][et_pb_text _builder_version=&#8221;4.18.0&#8243; _module_preset=&#8221;default&#8221; global_colors_info=&#8221;{}&#8221;]<\/p>\n<p>Si vous souhaitez <strong>d\u00e9poser des donn\u00e9es dans un autre entrep\u00f4t<\/strong>, l\u2019entrep\u00f4t \u00e0 privil\u00e9gier pour les donn\u00e9es du RZA est le Dataverse <a href=\"https:\/\/data.indores.fr\/\" target=\"_blank\" rel=\"noopener\">DataInDoRES<\/a> mis \u00e0 disposition par l\u2019INEE et g\u00e9r\u00e9 par UMS BBEES. Un sous-espace d\u00e9di\u00e9 aux donn\u00e9es du RZA y a \u00e9t\u00e9 cr\u00e9\u00e9 (lien d\u2019acc\u00e8s <a href=\"https:\/\/data.indores.fr\/dataverse\/RZA\" target=\"_blank\" rel=\"noopener\">https:\/\/data.indores.fr\/dataverse\/RZA<\/a>), et les codes d\u2019acc\u00e8s (compte \u00e0 cr\u00e9er) sont \u00e0 demander \u00e0 partir <a href=\"https:\/\/www.indores.fr\/contact-indores\" target=\"_blank\" rel=\"noopener\">du formulaire de contact<\/a>. A noter que pour les projets multi-partenariaux, les universit\u00e9s et les OSU peuvent \u00e9galement mettre \u00e0 disposition un service d\u2019entrep\u00f4t.<\/p>\n<p>[\/et_pb_text][et_pb_text _builder_version=&#8221;4.18.0&#8243; _module_preset=&#8221;default&#8221; custom_margin=&#8221;35px|||||&#8221; global_colors_info=&#8221;{}&#8221;]<\/p>\n<h3>Moissonage vers d&#8217;autres catalogues<\/h3>\n<p>Si vous souhaitez <a href=\"https:\/\/cat.indores.fr\/geonetwork\/ZACAM\/fre\/catalog.search#\/home\"><strong>moissonner la base de m\u00e9tadonn\u00e9es du g\u00e9ocatalogue<\/strong><\/a>, le lien URL \u00e0 renseigner est le suivant :<\/p>\n<blockquote>\n<pre>https:\/\/cat.indores.fr\/geonetwork\/ZACAM\/fre\/catalog.search#\/home<\/pre>\n<\/blockquote>\n<p>Indiquez par ailleurs le mot clef \u201cZACAM\u201d<\/p>\n<p>[\/et_pb_text][\/et_pb_column][\/et_pb_row][et_pb_row use_custom_gutter=&#8221;on&#8221; gutter_width=&#8221;2&#8243; _builder_version=&#8221;4.16&#8243; _module_preset=&#8221;default&#8221; custom_padding=&#8221;||56px|||&#8221; global_colors_info=&#8221;{}&#8221;][et_pb_column type=&#8221;4_4&#8243; _builder_version=&#8221;4.16&#8243; _module_preset=&#8221;default&#8221; global_colors_info=&#8221;{}&#8221;][et_pb_text _builder_version=&#8221;4.18.0&#8243; _module_preset=&#8221;default&#8221; global_colors_info=&#8221;{}&#8221;]<\/p>\n<h2>Vocabulaire contr\u00f4l\u00e9<\/h2>\n<p>[\/et_pb_text][et_pb_text _builder_version=&#8221;4.18.0&#8243; _module_preset=&#8221;default&#8221; global_colors_info=&#8221;{}&#8221;]<\/p>\n<p>Lors de la production de vos fiches de m\u00e9tadonn\u00e9es et du choix des noms de vos variables (dictionnaire de donn\u00e9es), nous vous invitons \u00e0 privil\u00e9gier le <a href=\"https:\/\/vocabs.lter-europe.net\/envthes\/en\/\" target=\"_blank\" rel=\"noopener\">th\u00e9saurus EnvThes<\/a> du r\u00e9seau eLTER. Les autres th\u00e9saurus \u00e0 privil\u00e9gier sont\u00a0: <a href=\"https:\/\/data.loterre.fr\/fr\/\" target=\"_blank\" rel=\"noopener\">LOTERRE Biodiversit\u00e9<\/a>, <a href=\"https:\/\/in-situ.theia-land.fr\/skosmos\/theia_ozcar_thesaurus\/en\/\" target=\"_blank\" rel=\"noopener\">THEIA\/OZCAR<\/a>, <a href=\"https:\/\/www.eionet.europa.eu\/gemet\/en\/about\/\" target=\"_blank\" rel=\"noopener\">GEMET<\/a>, <a href=\"https:\/\/agrovoc.fao.org\/browse\/agrovoc\/en\/\" target=\"_blank\" rel=\"noopener\">AGROVOC<\/a>.<\/p>\n<p>[\/et_pb_text][\/et_pb_column][\/et_pb_row][et_pb_row use_custom_gutter=&#8221;on&#8221; gutter_width=&#8221;2&#8243; _builder_version=&#8221;4.16&#8243; _module_preset=&#8221;default&#8221; custom_padding=&#8221;||56px|||&#8221; global_colors_info=&#8221;{}&#8221;][et_pb_column type=&#8221;4_4&#8243; _builder_version=&#8221;4.16&#8243; _module_preset=&#8221;default&#8221; global_colors_info=&#8221;{}&#8221;][et_pb_text _builder_version=&#8221;4.18.0&#8243; _module_preset=&#8221;default&#8221; global_colors_info=&#8221;{}&#8221;]<\/p>\n<h2>Se former via le RZA<\/h2>\n<p>[\/et_pb_text][et_pb_text _builder_version=&#8221;4.27.4&#8243; _module_preset=&#8221;default&#8221; global_colors_info=&#8221;{}&#8221;]<\/p>\n<ul><\/ul>\n<p>Le GT 4 Donn\u00e9es &amp; science ouverte port\u00e9 par le R\u00e9seau des Zones Ateliers vise \u00e0 accompagner les Zones Ateliers dans :<\/p>\n<ul>\n<li>la production de donn\u00e9es FAIR (Findable, Accessible, Interoperable, Reusable)<\/li>\n<li>le d\u00e9veloppement de solutions techniques originales pour la gestion des \u00e9chantillons et des donn\u00e9es<\/li>\n<li>l\u2019acquisition de donn\u00e9es\u2026<\/li>\n<\/ul>\n<p>D\u2019autre part, le GT4 propose une mont\u00e9e en comp\u00e9tence, une harmonisation des pratiques au sein des ZAs et une culture commune sur la gestion des donn\u00e9es.<\/p>\n<p>L\u2019ensemble des informations sont sur le site du <a href=\"https:\/\/www.za-inee.org\/fr\/frontpage\">R\u00e9seau des Zones Ateliers.<\/a><\/p>\n<p>[\/et_pb_text][\/et_pb_column][\/et_pb_row][et_pb_row use_custom_gutter=&#8221;on&#8221; gutter_width=&#8221;2&#8243; _builder_version=&#8221;4.16&#8243; _module_preset=&#8221;default&#8221; custom_margin=&#8221;|auto||171px||&#8221; custom_padding=&#8221;||56px|||&#8221; global_colors_info=&#8221;{}&#8221;][et_pb_column type=&#8221;4_4&#8243; _builder_version=&#8221;4.16&#8243; _module_preset=&#8221;default&#8221; global_colors_info=&#8221;{}&#8221;][et_pb_text _builder_version=&#8221;4.18.0&#8243; _module_preset=&#8221;default&#8221; global_colors_info=&#8221;{}&#8221;]<\/p>\n<h2>Personnes contacts<\/h2>\n<p>[\/et_pb_text][et_pb_text _builder_version=&#8221;4.27.4&#8243; _module_preset=&#8221;default&#8221; custom_padding=&#8221;0px|||||&#8221; global_colors_info=&#8221;{}&#8221;]<\/p>\n<ul>\n<li>pour la ZACAM : <span style=\"caret-color: rgba(85, 101, 112, 0.8); color: rgba(85, 101, 112, 0.8); font-family: 'Open Sans', Helvetica, Arial, Lucida, sans-serif; font-size: 16px; font-style: normal; font-variant-caps: normal; font-weight: 500; letter-spacing: normal; orphans: auto; text-align: left; text-indent: 0px; text-transform: none; white-space: normal; widows: auto; word-spacing: 0px; -webkit-text-stroke-width: 0px; background-color: #ffffff; text-decoration: none; display: inline !important; float: none;\">Jean-Claude Raynal (<span><a href=\"mailto:jean-claude.raynal@cnrs.fr\">jean-claude.raynal@cnrs.fr<\/a>)<\/span> Nathalie Boutin-Richter (<a href=\"mailto:Nathalie.boutin@ird.fr\">Nathalie.boutin@ird.fr<\/a>)<\/span><\/li>\n<li>pour le RZA : <span style=\"caret-color: rgba(85, 101, 112, 0.8); color: rgba(85, 101, 112, 0.8); font-family: 'Open Sans', Helvetica, Arial, Lucida, sans-serif; font-size: 16px; font-style: normal; font-variant-caps: normal; font-weight: 500; letter-spacing: normal; orphans: auto; text-align: left; text-indent: 0px; text-transform: none; white-space: normal; widows: auto; word-spacing: 0px; -webkit-text-stroke-width: 0px; background-color: #ffffff; text-decoration: none; display: inline !important; float: none;\">Claire Tito de Morais (<\/span><a href=\"mailto:claire.titodemorais@univ-brest.fr\" style=\"box-sizing: border-box; margin: 0px; padding: 0px; border: 0px; outline: 0px; font-size: 16px; vertical-align: baseline; background: none; color: #2ea3f2; text-decoration: none; font-family: 'Open Sans', Helvetica, Arial, Lucida, sans-serif; font-style: normal; font-variant-caps: normal; font-weight: 500; letter-spacing: normal; orphans: auto; text-align: left; text-indent: 0px; text-transform: none; white-space: normal; widows: auto; word-spacing: 0px; -webkit-text-stroke-width: 0px;\">claire.titodemorais@univ-brest.fr<\/a><span style=\"caret-color: rgba(85, 101, 112, 0.8); color: rgba(85, 101, 112, 0.8); font-family: 'Open Sans', Helvetica, Arial, Lucida, sans-serif; font-size: 16px; font-style: normal; font-variant-caps: normal; font-weight: 500; letter-spacing: normal; orphans: auto; text-align: left; text-indent: 0px; text-transform: none; white-space: normal; widows: auto; word-spacing: 0px; -webkit-text-stroke-width: 0px; background-color: #ffffff; text-decoration: none; display: inline !important; float: none;\">)<\/span><\/li>\n<\/ul>\n<p>[\/et_pb_text][\/et_pb_column][\/et_pb_row][\/et_pb_section]<\/p>\n","protected":false},"excerpt":{"rendered":"<p>Gestion des donn\u00e9esDonn\u00e9es de la recherche, de quoi parle-t-on ?Plusieurs d\u00e9finitions existent ; la plus couramment utilis\u00e9e est celle de l\u2019Organisation de Coop\u00e9ration et de D\u00e9veloppement \u00c9conomique (OCDE) qui d\u00e9finit [&hellip;]<\/p>\n","protected":false},"author":2,"featured_media":0,"parent":0,"menu_order":0,"comment_status":"closed","ping_status":"closed","template":"","meta":{"_acf_changed":false,"_et_pb_use_builder":"on","_et_pb_old_content":"<!-- wp:divi\/placeholder \/-->","_et_gb_content_width":"","footnotes":""},"dipi_cpt_category":[],"class_list":["post-237969","page","type-page","status-publish","hentry"],"acf":[],"_links":{"self":[{"href":"https:\/\/www.zacam.cnrs.fr\/en\/wp-json\/wp\/v2\/pages\/237969","targetHints":{"allow":["GET"]}}],"collection":[{"href":"https:\/\/www.zacam.cnrs.fr\/en\/wp-json\/wp\/v2\/pages"}],"about":[{"href":"https:\/\/www.zacam.cnrs.fr\/en\/wp-json\/wp\/v2\/types\/page"}],"author":[{"embeddable":true,"href":"https:\/\/www.zacam.cnrs.fr\/en\/wp-json\/wp\/v2\/users\/2"}],"replies":[{"embeddable":true,"href":"https:\/\/www.zacam.cnrs.fr\/en\/wp-json\/wp\/v2\/comments?post=237969"}],"version-history":[{"count":26,"href":"https:\/\/www.zacam.cnrs.fr\/en\/wp-json\/wp\/v2\/pages\/237969\/revisions"}],"predecessor-version":[{"id":239713,"href":"https:\/\/www.zacam.cnrs.fr\/en\/wp-json\/wp\/v2\/pages\/237969\/revisions\/239713"}],"wp:attachment":[{"href":"https:\/\/www.zacam.cnrs.fr\/en\/wp-json\/wp\/v2\/media?parent=237969"}],"wp:term":[{"taxonomy":"dipi_cpt_category","embeddable":true,"href":"https:\/\/www.zacam.cnrs.fr\/en\/wp-json\/wp\/v2\/dipi_cpt_category?post=237969"}],"curies":[{"name":"wp","href":"https:\/\/api.w.org\/{rel}","templated":true}]}}