{"id":238025,"date":"2022-07-21T11:21:49","date_gmt":"2022-07-21T09:21:49","guid":{"rendered":"https:\/\/www.zacam.cnrs.fr\/?page_id=238025"},"modified":"2025-06-19T11:51:26","modified_gmt":"2025-06-19T09:51:26","slug":"les-acteurs-de-la-zabri","status":"publish","type":"page","link":"https:\/\/www.zacam.cnrs.fr\/en\/les-acteurs-de-la-zabri\/","title":{"rendered":"LTSER ZACAM community"},"content":{"rendered":"<p>[et_pb_section fb_built=&#8221;1&#8243; admin_label=&#8221;Hero&#8221; _builder_version=&#8221;4.25.1&#8243; _module_preset=&#8221;de8df9c4-4f34-4a9b-919e-71e38a0ba1e2&#8243; background_image=&#8221;https:\/\/www.zacam.cnrs.fr\/wp-content\/uploads\/pixabay-camargue-5.jpg&#8221; global_colors_info=&#8221;{}&#8221;][et_pb_row _builder_version=&#8221;4.16&#8243; custom_margin=&#8221;|||&#8221; custom_padding=&#8221;0px||0px|||&#8221; global_colors_info=&#8221;{}&#8221;][et_pb_column type=&#8221;4_4&#8243; _builder_version=&#8221;4.16&#8243; custom_padding=&#8221;|||&#8221; global_colors_info=&#8221;{}&#8221; custom_padding__hover=&#8221;|||&#8221;][et_pb_text _builder_version=&#8221;4.25.1&#8243; _module_preset=&#8221;790157a2-ffdd-466a-bbd6-7821f46c9aee&#8221; global_colors_info=&#8221;{}&#8221;]<\/p>\n<h1>Les acteurs de la ZACAM<\/h1>\n<p>[\/et_pb_text][\/et_pb_column][\/et_pb_row][\/et_pb_section][et_pb_section fb_built=&#8221;1&#8243; admin_label=&#8221;Our Experience&#8221; _builder_version=&#8221;4.16&#8243; background_color=&#8221;rgba(214,214,214,0.14)&#8221; use_background_color_gradient=&#8221;on&#8221; background_color_gradient_type=&#8221;circular&#8221; background_color_gradient_direction_radial=&#8221;top right&#8221; background_color_gradient_stops=&#8221;rgba(33,11,0,0.06) 10%|rgba(33,25,21,0) 100%&#8221; background_color_gradient_overlays_image=&#8221;on&#8221; background_color_gradient_start=&#8221;rgba(33,11,0,0.06)&#8221; background_color_gradient_start_position=&#8221;10%&#8221; background_color_gradient_end=&#8221;rgba(33,25,21,0)&#8221; background_enable_image=&#8221;off&#8221; custom_padding=&#8221;0vw||69px||false|false&#8221; locked=&#8221;off&#8221; global_colors_info=&#8221;{}&#8221;][et_pb_row _builder_version=&#8221;4.27.4&#8243; _module_preset=&#8221;default&#8221; global_colors_info=&#8221;{}&#8221;][et_pb_column type=&#8221;4_4&#8243; _builder_version=&#8221;4.27.4&#8243; _module_preset=&#8221;default&#8221; global_colors_info=&#8221;{}&#8221;][et_pb_text _builder_version=&#8221;4.17.4&#8243; _module_preset=&#8221;default&#8221; custom_margin=&#8221;||16px|||&#8221; global_colors_info=&#8221;{}&#8221;]<\/p>\n<h2>La ZACAM : une communaut\u00e9 plurielle engag\u00e9e en sant\u00e9-environnement<\/h2>\n<p>[\/et_pb_text][et_pb_accordion _builder_version=&#8221;4.27.4&#8243; _module_preset=&#8221;default&#8221; global_colors_info=&#8221;{}&#8221;][et_pb_accordion_item open=&#8221;on&#8221; _builder_version=&#8221;4.27.4&#8243; _module_preset=&#8221;default&#8221; global_colors_info=&#8221;{}&#8221;]<\/p>\n<div>\n<p><span style=\"font-size: 16px;\">La ZACAM r\u00e9unit une grande diversit\u00e9 d\u2019acteurs : chercheurs de toutes disciplines, mais aussi naturalistes, ing\u00e9nieurs, agronomes, gestionnaires, professionnels de sant\u00e9, associations, collectivit\u00e9s, citoyens\u2026 Tous contribuent \u00e0 une intelligence collective des enjeux socio-\u00e9cologiques et de sant\u00e9 publique de la Camargue.<\/span><\/p>\n<p><span style=\"font-size: 16px;\">Depuis le d\u00e9but du XXe si\u00e8cle, ce territoire singulier fait l\u2019objet d\u2019observations, de r\u00e9cits, de mod\u00e9lisations et d\u2019actions qui ont nourri la connaissance et accompagn\u00e9 les politiques publiques. La ZACAM s\u2019inscrit dans cette histoire riche en la prolongeant sous une forme r\u00e9solument interdisciplinaire et collaborative sur les enjeux de sant\u00e9 en lien avec l\u2019environnement. <\/span><span style=\"font-size: 16px;\">Elle se veut un <\/span><strong style=\"font-size: 16px;\">dispositif int\u00e9grateur<\/strong><span style=\"font-size: 16px;\">, au service du vivant, humain et non humain, pour <\/span><strong style=\"font-size: 16px;\">mieux comprendre, anticiper et accompagner les transitions \u00e0 venir<\/strong><span style=\"font-size: 16px;\">.<\/span><\/p>\n<div><span><\/span><\/div>\n<div><span><\/span><\/div>\n<div><span><\/span><\/div>\n<div><em>La <strong>liste des acteurs impliqu\u00e9s<\/strong> est en cours de construction sur cette page et sera prochainement disponible ici (logo)<\/em><\/div>\n<div><\/div>\n<p><em>(logo).<\/em><\/p>\n<\/div>\n<div><span><\/span><\/div>\n<div><\/div>\n<p>[\/et_pb_accordion_item][\/et_pb_accordion][\/et_pb_column][\/et_pb_row][et_pb_row _builder_version=&#8221;4.17.4&#8243; _module_preset=&#8221;default&#8221; custom_padding=&#8221;74px||0px|||&#8221; global_colors_info=&#8221;{}&#8221;][et_pb_column type=&#8221;4_4&#8243; _builder_version=&#8221;4.17.4&#8243; _module_preset=&#8221;default&#8221; global_colors_info=&#8221;{}&#8221;][et_pb_text _builder_version=&#8221;4.17.4&#8243; _module_preset=&#8221;default&#8221; custom_margin=&#8221;||16px|||&#8221; global_colors_info=&#8221;{}&#8221;]<\/p>\n<h2>Laboratoires de recherche<\/h2>\n<p>[\/et_pb_text][\/et_pb_column][\/et_pb_row][et_pb_row module_class=&#8221;lldw-logos&#8221; _builder_version=&#8221;4.25.1&#8243; _module_preset=&#8221;default&#8221; custom_padding=&#8221;0px|||||&#8221; global_colors_info=&#8221;{}&#8221;][et_pb_column type=&#8221;4_4&#8243; _builder_version=&#8221;4.17.4&#8243; _module_preset=&#8221;default&#8221; global_colors_info=&#8221;{}&#8221;][et_pb_blurb url_new_window=&#8221;on&#8221; image=&#8221;https:\/\/www.zacam.cnrs.fr\/wp-content\/uploads\/Environnement-de-recheche.png&#8221; image_icon_width=&#8221;61%&#8221; _builder_version=&#8221;4.27.4&#8243; _module_preset=&#8221;default&#8221; background_enable_color=&#8221;off&#8221; text_orientation=&#8221;center&#8221; min_height=&#8221;184px&#8221; custom_css_blurb_image=&#8221;background-color: #fff;||height: 200px;||display: flex;||justify-content: center;||align-items: center;||overflow: hidden;||margin-bottom: 15px;&#8221; global_colors_info=&#8221;{}&#8221;][\/et_pb_blurb][\/et_pb_column][\/et_pb_row][\/et_pb_section][et_pb_section fb_built=&#8221;1&#8243; admin_label=&#8221;Our Experience&#8221; _builder_version=&#8221;4.17.4&#8243; background_color=&#8221;#f4f4f4&#8243; use_background_color_gradient=&#8221;on&#8221; background_color_gradient_type=&#8221;circular&#8221; background_color_gradient_direction_radial=&#8221;top right&#8221; background_color_gradient_stops=&#8221;rgba(33,11,0,0.06) 10%|rgba(33,25,21,0) 100%&#8221; background_color_gradient_overlays_image=&#8221;on&#8221; background_color_gradient_start=&#8221;rgba(33,11,0,0.06)&#8221; background_color_gradient_start_position=&#8221;10%&#8221; background_color_gradient_end=&#8221;rgba(33,25,21,0)&#8221; background_enable_image=&#8221;off&#8221; custom_padding=&#8221;0vw||67px||false|false&#8221; locked=&#8221;off&#8221; global_colors_info=&#8221;{}&#8221;][et_pb_row _builder_version=&#8221;4.17.4&#8243; _module_preset=&#8221;default&#8221; custom_padding=&#8221;74px||0px|||&#8221; global_colors_info=&#8221;{}&#8221;][et_pb_column type=&#8221;4_4&#8243; _builder_version=&#8221;4.17.4&#8243; _module_preset=&#8221;default&#8221; global_colors_info=&#8221;{}&#8221;][et_pb_text _builder_version=&#8221;4.17.4&#8243; _module_preset=&#8221;default&#8221; custom_margin=&#8221;||16px|||&#8221; global_colors_info=&#8221;{}&#8221;]<\/p>\n<h2>Environnement de recherche local<\/h2>\n<p>[\/et_pb_text][\/et_pb_column][\/et_pb_row][\/et_pb_section][et_pb_section fb_built=&#8221;1&#8243; admin_label=&#8221;Our Experience&#8221; _builder_version=&#8221;4.16&#8243; background_color=&#8221;rgba(214,214,214,0.14)&#8221; use_background_color_gradient=&#8221;on&#8221; background_color_gradient_type=&#8221;circular&#8221; background_color_gradient_direction_radial=&#8221;top right&#8221; background_color_gradient_stops=&#8221;rgba(33,11,0,0.06) 10%|rgba(33,25,21,0) 100%&#8221; background_color_gradient_overlays_image=&#8221;on&#8221; background_color_gradient_start=&#8221;rgba(33,11,0,0.06)&#8221; background_color_gradient_start_position=&#8221;10%&#8221; background_color_gradient_end=&#8221;rgba(33,25,21,0)&#8221; background_enable_image=&#8221;off&#8221; custom_padding=&#8221;0vw||67px||false|false&#8221; locked=&#8221;off&#8221; global_colors_info=&#8221;{}&#8221;][et_pb_row _builder_version=&#8221;4.17.4&#8243; _module_preset=&#8221;default&#8221; custom_padding=&#8221;74px||0px|||&#8221; global_colors_info=&#8221;{}&#8221;][et_pb_column type=&#8221;4_4&#8243; _builder_version=&#8221;4.17.4&#8243; _module_preset=&#8221;default&#8221; global_colors_info=&#8221;{}&#8221;][et_pb_text _builder_version=&#8221;4.17.4&#8243; _module_preset=&#8221;default&#8221; custom_margin=&#8221;||16px|||&#8221; global_colors_info=&#8221;{}&#8221;]<\/p>\n<h2>Les aires prot\u00e9g\u00e9es<\/h2>\n<p>[\/et_pb_text][\/et_pb_column][\/et_pb_row][\/et_pb_section][et_pb_section fb_built=&#8221;1&#8243; admin_label=&#8221;Our Experience&#8221; _builder_version=&#8221;4.16&#8243; background_color=&#8221;#f4f4f4&#8243; use_background_color_gradient=&#8221;on&#8221; background_color_gradient_type=&#8221;circular&#8221; background_color_gradient_direction_radial=&#8221;top right&#8221; background_color_gradient_stops=&#8221;rgba(33,11,0,0.06) 10%|rgba(33,25,21,0) 100%&#8221; background_color_gradient_overlays_image=&#8221;on&#8221; background_color_gradient_start=&#8221;rgba(33,11,0,0.06)&#8221; background_color_gradient_start_position=&#8221;10%&#8221; background_color_gradient_end=&#8221;rgba(33,25,21,0)&#8221; background_enable_image=&#8221;off&#8221; custom_padding=&#8221;0vw||67px||false|false&#8221; locked=&#8221;off&#8221; global_colors_info=&#8221;{}&#8221;][et_pb_row _builder_version=&#8221;4.17.4&#8243; _module_preset=&#8221;default&#8221; custom_padding=&#8221;74px||0px|||&#8221; global_colors_info=&#8221;{}&#8221;][et_pb_column type=&#8221;4_4&#8243; _builder_version=&#8221;4.17.4&#8243; _module_preset=&#8221;default&#8221; global_colors_info=&#8221;{}&#8221;][et_pb_text _builder_version=&#8221;4.17.4&#8243; _module_preset=&#8221;default&#8221; custom_margin=&#8221;||16px|||&#8221; global_colors_info=&#8221;{}&#8221;]<\/p>\n<h2>Les collectivit\u00e9s territoriales<\/h2>\n<p>[\/et_pb_text][\/et_pb_column][\/et_pb_row][\/et_pb_section][et_pb_section fb_built=&#8221;1&#8243; admin_label=&#8221;Our Experience&#8221; _builder_version=&#8221;4.16&#8243; background_color=&#8221;rgba(214,214,214,0.14)&#8221; use_background_color_gradient=&#8221;on&#8221; background_color_gradient_type=&#8221;circular&#8221; background_color_gradient_direction_radial=&#8221;top right&#8221; background_color_gradient_stops=&#8221;rgba(33,11,0,0.06) 10%|rgba(33,25,21,0) 100%&#8221; background_color_gradient_overlays_image=&#8221;on&#8221; background_color_gradient_start=&#8221;rgba(33,11,0,0.06)&#8221; background_color_gradient_start_position=&#8221;10%&#8221; background_color_gradient_end=&#8221;rgba(33,25,21,0)&#8221; background_enable_image=&#8221;off&#8221; custom_padding=&#8221;0vw||67px||false|false&#8221; locked=&#8221;off&#8221; global_colors_info=&#8221;{}&#8221;][et_pb_row _builder_version=&#8221;4.17.4&#8243; _module_preset=&#8221;default&#8221; custom_padding=&#8221;74px||0px|||&#8221; global_colors_info=&#8221;{}&#8221;][et_pb_column type=&#8221;4_4&#8243; _builder_version=&#8221;4.17.4&#8243; _module_preset=&#8221;default&#8221; global_colors_info=&#8221;{}&#8221;][et_pb_text _builder_version=&#8221;4.17.4&#8243; _module_preset=&#8221;default&#8221; custom_margin=&#8221;||16px|||&#8221; global_colors_info=&#8221;{}&#8221;]<\/p>\n<h2>Le tissu associatif<\/h2>\n<p>[\/et_pb_text][\/et_pb_column][\/et_pb_row][\/et_pb_section][et_pb_section fb_built=&#8221;1&#8243; admin_label=&#8221;Our Experience&#8221; _builder_version=&#8221;4.16&#8243; background_color=&#8221;#f4f4f4&#8243; use_background_color_gradient=&#8221;on&#8221; background_color_gradient_type=&#8221;circular&#8221; background_color_gradient_direction_radial=&#8221;top right&#8221; background_color_gradient_stops=&#8221;rgba(33,11,0,0.06) 10%|rgba(33,25,21,0) 100%&#8221; background_color_gradient_overlays_image=&#8221;on&#8221; background_color_gradient_start=&#8221;rgba(33,11,0,0.06)&#8221; background_color_gradient_start_position=&#8221;10%&#8221; background_color_gradient_end=&#8221;rgba(33,25,21,0)&#8221; background_enable_image=&#8221;off&#8221; custom_padding=&#8221;0vw||67px||false|false&#8221; locked=&#8221;off&#8221; global_colors_info=&#8221;{}&#8221;][et_pb_row _builder_version=&#8221;4.17.4&#8243; _module_preset=&#8221;default&#8221; custom_padding=&#8221;74px||0px|||&#8221; global_colors_info=&#8221;{}&#8221;][et_pb_column type=&#8221;4_4&#8243; _builder_version=&#8221;4.17.4&#8243; _module_preset=&#8221;default&#8221; global_colors_info=&#8221;{}&#8221;][\/et_pb_column][\/et_pb_row][\/et_pb_section][et_pb_section fb_built=&#8221;1&#8243; admin_label=&#8221;Our Experience&#8221; _builder_version=&#8221;4.16&#8243; background_color=&#8221;rgba(214,214,214,0.14)&#8221; use_background_color_gradient=&#8221;on&#8221; background_color_gradient_type=&#8221;circular&#8221; background_color_gradient_direction_radial=&#8221;top right&#8221; background_color_gradient_stops=&#8221;rgba(33,11,0,0.06) 10%|rgba(33,25,21,0) 100%&#8221; background_color_gradient_overlays_image=&#8221;on&#8221; background_color_gradient_start=&#8221;rgba(33,11,0,0.06)&#8221; background_color_gradient_start_position=&#8221;10%&#8221; background_color_gradient_end=&#8221;rgba(33,25,21,0)&#8221; background_enable_image=&#8221;off&#8221; custom_padding=&#8221;0vw||67px||false|false&#8221; locked=&#8221;off&#8221; global_colors_info=&#8221;{}&#8221;][et_pb_row _builder_version=&#8221;4.17.4&#8243; _module_preset=&#8221;default&#8221; custom_padding=&#8221;74px||0px|||&#8221; global_colors_info=&#8221;{}&#8221;][et_pb_column type=&#8221;4_4&#8243; _builder_version=&#8221;4.17.4&#8243; _module_preset=&#8221;default&#8221; global_colors_info=&#8221;{}&#8221;][et_pb_text _builder_version=&#8221;4.17.4&#8243; _module_preset=&#8221;default&#8221; custom_margin=&#8221;||16px|||&#8221; global_colors_info=&#8221;{}&#8221;]<\/p>\n<h2>La m\u00e9diation scientifique<\/h2>\n<p>[\/et_pb_text][\/et_pb_column][\/et_pb_row][\/et_pb_section][et_pb_section fb_built=&#8221;1&#8243; admin_label=&#8221;Our Experience&#8221; _builder_version=&#8221;4.16&#8243; background_color=&#8221;#f4f4f4&#8243; use_background_color_gradient=&#8221;on&#8221; background_color_gradient_type=&#8221;circular&#8221; background_color_gradient_direction_radial=&#8221;top right&#8221; background_color_gradient_stops=&#8221;rgba(33,11,0,0.06) 10%|rgba(33,25,21,0) 100%&#8221; background_color_gradient_overlays_image=&#8221;on&#8221; background_color_gradient_start=&#8221;rgba(33,11,0,0.06)&#8221; background_color_gradient_start_position=&#8221;10%&#8221; background_color_gradient_end=&#8221;rgba(33,25,21,0)&#8221; background_enable_image=&#8221;off&#8221; custom_padding=&#8221;0vw||67px||false|false&#8221; locked=&#8221;off&#8221; global_colors_info=&#8221;{}&#8221;][et_pb_row _builder_version=&#8221;4.17.4&#8243; _module_preset=&#8221;default&#8221; custom_padding=&#8221;74px||0px|||&#8221; global_colors_info=&#8221;{}&#8221;][et_pb_column type=&#8221;4_4&#8243; _builder_version=&#8221;4.17.4&#8243; _module_preset=&#8221;default&#8221; global_colors_info=&#8221;{}&#8221;][\/et_pb_column][\/et_pb_row][\/et_pb_section][et_pb_section fb_built=&#8221;1&#8243; admin_label=&#8221;Our Experience&#8221; _builder_version=&#8221;4.16&#8243; background_color=&#8221;rgba(214,214,214,0.14)&#8221; use_background_color_gradient=&#8221;on&#8221; background_color_gradient_type=&#8221;circular&#8221; background_color_gradient_direction_radial=&#8221;top right&#8221; background_color_gradient_stops=&#8221;rgba(33,11,0,0.06) 10%|rgba(33,25,21,0) 100%&#8221; background_color_gradient_overlays_image=&#8221;on&#8221; background_color_gradient_start=&#8221;rgba(33,11,0,0.06)&#8221; background_color_gradient_start_position=&#8221;10%&#8221; background_color_gradient_end=&#8221;rgba(33,25,21,0)&#8221; background_enable_image=&#8221;off&#8221; custom_padding=&#8221;0vw||131px||false|false&#8221; locked=&#8221;off&#8221; global_colors_info=&#8221;{}&#8221;][et_pb_row _builder_version=&#8221;4.17.4&#8243; _module_preset=&#8221;default&#8221; custom_padding=&#8221;74px||0px|||&#8221; global_colors_info=&#8221;{}&#8221;][et_pb_column type=&#8221;4_4&#8243; _builder_version=&#8221;4.17.4&#8243; _module_preset=&#8221;default&#8221; global_colors_info=&#8221;{}&#8221;][et_pb_text _builder_version=&#8221;4.17.4&#8243; _module_preset=&#8221;default&#8221; custom_margin=&#8221;||16px|||&#8221; global_colors_info=&#8221;{}&#8221;]<\/p>\n<h2>Autres partenaires non-acad\u00e9miques<\/h2>\n<p>[\/et_pb_text][\/et_pb_column][\/et_pb_row][\/et_pb_section]<\/p>\n","protected":false},"excerpt":{"rendered":"<p>Les acteurs de la ZACAMLa ZACAM : une communaut\u00e9 plurielle engag\u00e9e en sant\u00e9-environnement La ZACAM r\u00e9unit une grande diversit\u00e9 d\u2019acteurs : chercheurs de toutes disciplines, mais aussi naturalistes, ing\u00e9nieurs, agronomes, [&hellip;]<\/p>\n","protected":false},"author":2,"featured_media":0,"parent":0,"menu_order":0,"comment_status":"closed","ping_status":"closed","template":"","meta":{"_acf_changed":false,"_et_pb_use_builder":"on","_et_pb_old_content":"","_et_gb_content_width":"","footnotes":""},"dipi_cpt_category":[],"class_list":["post-238025","page","type-page","status-publish","hentry"],"acf":[],"_links":{"self":[{"href":"https:\/\/www.zacam.cnrs.fr\/en\/wp-json\/wp\/v2\/pages\/238025","targetHints":{"allow":["GET"]}}],"collection":[{"href":"https:\/\/www.zacam.cnrs.fr\/en\/wp-json\/wp\/v2\/pages"}],"about":[{"href":"https:\/\/www.zacam.cnrs.fr\/en\/wp-json\/wp\/v2\/types\/page"}],"author":[{"embeddable":true,"href":"https:\/\/www.zacam.cnrs.fr\/en\/wp-json\/wp\/v2\/users\/2"}],"replies":[{"embeddable":true,"href":"https:\/\/www.zacam.cnrs.fr\/en\/wp-json\/wp\/v2\/comments?post=238025"}],"version-history":[{"count":36,"href":"https:\/\/www.zacam.cnrs.fr\/en\/wp-json\/wp\/v2\/pages\/238025\/revisions"}],"predecessor-version":[{"id":239882,"href":"https:\/\/www.zacam.cnrs.fr\/en\/wp-json\/wp\/v2\/pages\/238025\/revisions\/239882"}],"wp:attachment":[{"href":"https:\/\/www.zacam.cnrs.fr\/en\/wp-json\/wp\/v2\/media?parent=238025"}],"wp:term":[{"taxonomy":"dipi_cpt_category","embeddable":true,"href":"https:\/\/www.zacam.cnrs.fr\/en\/wp-json\/wp\/v2\/dipi_cpt_category?post=238025"}],"curies":[{"name":"wp","href":"https:\/\/api.w.org\/{rel}","templated":true}]}}